{"id":743,"date":"2022-01-10T09:40:50","date_gmt":"2022-01-10T09:40:50","guid":{"rendered":"https:\/\/smz.lt\/?page_id=743"},"modified":"2022-09-29T15:01:02","modified_gmt":"2022-09-29T12:01:02","slug":"prevencine-veikla","status":"publish","type":"page","link":"https:\/\/smz.lt\/pl\/prevencine-veikla\/","title":{"rendered":"Dzia\u0142ania prewencyjne"},"content":{"rendered":"<p>[vc_row][vc_column width=&#8221;1\/1&#8243;][vc_custom_heading uncode_shortcode_id=&#8221;156083&#8243;]<\/p>\n<h1><strong>Dzia\u0142ania prewencyjne<\/strong><\/h1>\n<p>[\/vc_custom_heading][vc_column_text uncode_shortcode_id=&#8221;709442&#8243;]<strong>Szko\u0142a uczestniczy w nast\u0119puj\u0105cych programach prewencyjnych:<\/strong><\/p>\n<p><strong>1. Kimo\u010di<\/strong> \u2013 koordynatorka pedagogiki spo\u0142ecznej Agata Ja\u010dnik.<\/p>\n<p><img decoding=\"async\" class=\"alignnone wp-image-2489\" src=\"http:\/\/smz.lt\/wp-content\/uploads\/2022\/03\/kimochis.jpg\" alt=\"\" width=\"230\" height=\"84\" \/><\/p>\n<p>\u201eKymochi\u201c (po japo\u0144sku \u201ekimochi\u201d oznacza \u201euczucie\u201d) \u2013 to program edukacji przedszkolnej oparty na rozwoju kompetencji spo\u0142ecznych i emocjonalnych. Program \u201eKymochi\u201c ma na celu rozwijanie inteligencji emocjonalnej, promowanie pozytywnego zachowania i rozwijanie umiej\u0119tno\u015bci wsp\u00f3\u0142pracy. Umiej\u0119tno\u015bci spo\u0142eczne i emocjonalne dzieci w wieku przedszkolnym rozwijane s\u0105 poprzez zabaw\u0119 zabawkami \u201eKymochi\u201c\u2013 mi\u0119kkimi lalkami.<\/p>\n<p><strong>Cel programu<\/strong> \u2013 nauczy\u0107 si\u0119 zarz\u0105dza\u0107 i wyra\u017ca\u0107 uczucia w pozytywny spos\u00f3b..<\/p>\n<p><strong>Zadania<\/strong>:<\/p>\n<ul>\n<li>Nauczy\u0107 si\u0119 rozpoznawa\u0107 i zarz\u0105dza\u0107 emocjami;<\/li>\n<li>Nauczy\u0107 si\u0119 opiekowa\u0107 i pomaga\u0107 innym;<\/li>\n<li>Rozwin\u0105\u0107 umiej\u0119tno\u015b\u0107 budowania pozytywnych relacji.<\/li>\n<\/ul>\n<p>&nbsp;<\/p>\n<p><strong><em>2. <\/em>\u201ePrzyjaciele Zippiego<\/strong>\u201c &#8211; koordynator starsza nauczycielka Bo\u017cena Kasparien\u0117.<\/p>\n<p>&nbsp;<\/p>\n<p><i><img decoding=\"async\" class=\"alignnone wp-image-2490\" src=\"http:\/\/smz.lt\/wp-content\/uploads\/2022\/03\/zipis.gif\" alt=\"\" width=\"100\" height=\"99\" \/><\/i><\/p>\n<p>Program <strong>\u201ePrzyjaciele Zippiego<\/strong>\u201c ma <strong>na celu<\/strong> pom\u00f3c dzieciom w wieku od 5 do 7 lat w przezwyci\u0119\u017caniu trudno\u015bci spo\u0142ecznych i emocjonalnych w celu poprawy ich samopoczucia emocjonalnego.<\/p>\n<p>Program \u201ePrzyjaciele Zippiego\u201c <em>uczy dzieci<\/em>, jak pokonywa\u0107 codzienne trudno\u015bci emocjonalne: odrzucenie, samotno\u015b\u0107, zastraszanie lub zn\u0119canie si\u0119, dotkliwe zmiany. Pomaga zrozumie\u0107 i zach\u0119ca do rozmowy o swoich uczuciach, do znalezienia sposob\u00f3w radzenia sobie z tymi uczuciami. Uczy dzieci empatii, nawi\u0105zywania przyja\u017ani, proszenia i przyjmowania wsparcia oraz pomagania innym. Pomaga nie tylko nie by\u0107 ofiar\u0105 zn\u0119cania si\u0119, ale tak\u017ce nie by\u0107 tyranem.<\/p>\n<p><a href=\"https:\/\/www.vaikolabui.lt\/zipio-draugai\/\">https:\/\/www.vaikolabui.lt\/zipio-draugai\/<\/a><\/p>\n<p>&nbsp;<\/p>\n<p><strong>3. Program prewencyjny \u201cPrzyjaciele Chomika<\/strong>\u201d- koordynator pedagog socjalny Agata Jacznik.<\/p>\n<p><img decoding=\"async\" class=\"alignnone wp-image-2491\" src=\"http:\/\/smz.lt\/wp-content\/uploads\/2022\/03\/obuolio-150x150.jpg\" alt=\"\" width=\"140\" height=\"140\" srcset=\"https:\/\/smz.lt\/wp-content\/uploads\/2022\/03\/obuolio-150x150.jpg 150w, https:\/\/smz.lt\/wp-content\/uploads\/2022\/03\/obuolio.jpg 205w\" sizes=\"(max-width: 140px) 100vw, 140px\" \/><\/p>\n<p>Mi\u0119dzynarodowy program prewencyjny \u201cPrzyjaciele Chomika\u201d\u00a0 jest\u00a0 kontynuacj\u0105 programu ,, Przyjaciele\u00a0 Zipiego\u201c. Program\u00a0 jest przeznaczony dla uczni\u00f3w w wieku 8-10 lat.<\/p>\n<p>\u201cPrzyjaciele Chomika\u201d to program, kt\u00f3ry uczy r\u00f3\u017cnych sposob\u00f3w radzenia sobie z trudno\u015bciami i wykorzystywania nabytych umiej\u0119tno\u015bci w codziennym \u017cyciu.<br \/>\nProgram sk\u0142ada si\u0119 z 6 modu\u0142\u00f3w: uczucia, komunikacja, przyja\u017a\u0144, rozwi\u0105zywanie problem\u00f3w, zmiany, kontynuacja.<\/p>\n<p><strong>Celem<\/strong> programu jest poprawienie istniej\u0105cych umiej\u0119tno\u015bci i pomoc dziecku w zdobyciu nowych umiej\u0119tno\u015bci radzenia sobie i umiej\u0119tno\u015bci spo\u0142ecznych: rozumienie i m\u00f3wienie o uczuciach, m\u00f3wienie tego, co chce powiedzie\u0107, uwa\u017cne s\u0142uchanie, nawi\u0105zywanie i utrzymywanie przyja\u017ani, pomoc i pomaganie innym, samotno\u015b\u0107, odrzucenie, rozwi\u0105zywanie konflikt\u00f3w, utrata, a nawet \u015bmier\u0107.<\/p>\n<p><a href=\"https:\/\/www.vaikolabui.lt\/obuolio-draugai\/\">https:\/\/www.vaikolabui.lt\/obuolio-draugai\/<\/a><\/p>\n<p>&nbsp;<\/p>\n<p><strong>4.<\/strong> <strong>Program prewencyjny OLWEUS <\/strong>\u2013 koordynator programu Bo\u017cena Kasparienie, starsza nauczycielka nauczania pocz\u0105tkowego.<\/p>\n<p><strong><img decoding=\"async\" class=\"alignnone size-full wp-image-2492\" src=\"http:\/\/smz.lt\/wp-content\/uploads\/2022\/03\/olweus.png\" alt=\"\" width=\"104\" height=\"100\" \/><\/strong><\/p>\n<p><strong>Cele programu:<\/strong><\/p>\n<ul>\n<li>Zmniejszanie przemocy wsr\u00f3d uczni\u00f3w;<\/li>\n<li>Zapobieganie agresji i przemocy w szkole;<\/li>\n<li>D\u0105\u017cenie do lepszych stosunk\u00f3w wsr\u00f3d uczni\u00f3w w szkole.<\/li>\n<\/ul>\n<p><a href=\"https:\/\/www.nsa.smm.lt\/svietimo-pagalbos-departamentas\/psichologijos-skyrius\/prevencija\/olweus-patyciu-prevencijos-programa\/olweus-programa\/\">https:\/\/www.nsa.smm.lt\/svietimo-pagalbos-departamentas\/psichologijos-skyrius\/prevencija\/olweus-patyciu-prevencijos-programa\/olweus-programa\/<\/a>[\/vc_column_text][\/vc_column][\/vc_row]<\/p>","protected":false},"excerpt":{"rendered":"<p>[vc_row][vc_column width=&#8221;1\/1&#8243;][vc_custom_heading uncode_shortcode_id=&#8221;156083&#8243;] Dzia\u0142ania prewencyjne [\/vc_custom_heading][vc_column_text uncode_shortcode_id=&#8221;709442&#8243;]Szko\u0142a uczestniczy w nast\u0119puj\u0105cych programach prewencyjnych: 1. Kimo\u010di \u2013 koordynatorka pedagogiki spo\u0142ecznej Agata Ja\u010dnik. [&hellip;]<\/p>\n","protected":false},"author":1,"featured_media":0,"parent":0,"menu_order":0,"comment_status":"closed","ping_status":"closed","template":"","meta":[],"_links":{"self":[{"href":"https:\/\/smz.lt\/pl\/wp-json\/wp\/v2\/pages\/743"}],"collection":[{"href":"https:\/\/smz.lt\/pl\/wp-json\/wp\/v2\/pages"}],"about":[{"href":"https:\/\/smz.lt\/pl\/wp-json\/wp\/v2\/types\/page"}],"author":[{"embeddable":true,"href":"https:\/\/smz.lt\/pl\/wp-json\/wp\/v2\/users\/1"}],"replies":[{"embeddable":true,"href":"https:\/\/smz.lt\/pl\/wp-json\/wp\/v2\/comments?post=743"}],"version-history":[{"count":12,"href":"https:\/\/smz.lt\/pl\/wp-json\/wp\/v2\/pages\/743\/revisions"}],"predecessor-version":[{"id":4657,"href":"https:\/\/smz.lt\/pl\/wp-json\/wp\/v2\/pages\/743\/revisions\/4657"}],"wp:attachment":[{"href":"https:\/\/smz.lt\/pl\/wp-json\/wp\/v2\/media?parent=743"}],"curies":[{"name":"wp","href":"https:\/\/api.w.org\/{rel}","templated":true}]}}