{"id":721,"date":"2021-10-04T11:06:08","date_gmt":"2021-10-04T11:06:08","guid":{"rendered":"http:\/\/www2026a.vu.lt\/?page_id=721"},"modified":"2021-10-04T11:06:08","modified_gmt":"2021-10-04T11:06:08","slug":"atsinaujiname","status":"publish","type":"page","link":"https:\/\/smz.lt\/pl\/atsinaujiname\/","title":{"rendered":"Atsinaujiname"},"content":{"rendered":"<p>[vc_row row_height_percent=&#8221;100&#8243; override_padding=&#8221;yes&#8221; h_padding=&#8221;2&#8243; top_padding=&#8221;5&#8243; bottom_padding=&#8221;5&#8243; back_image=&#8221;630&#8243; kburns=&#8221;yes&#8221; overlay_color=&#8221;color-xsdn&#8221; overlay_alpha=&#8221;80&#8243; gutter_size=&#8221;3&#8243; column_width_percent=&#8221;100&#8243; shift_y=&#8221;0&#8243; z_index=&#8221;0&#8243; uncode_shortcode_id=&#8221;938468&#8243; overlay_color_type=&#8221;uncode-palette&#8221; shape_dividers=&#8221;&#8221;][vc_column column_width_use_pixel=&#8221;yes&#8221; position_horizontal=&#8221;left&#8221; position_vertical=&#8221;middle&#8221; gutter_size=&#8221;3&#8243; style=&#8221;dark&#8221; overlay_alpha=&#8221;50&#8243; shift_x=&#8221;0&#8243; shift_y=&#8221;0&#8243; z_index=&#8221;0&#8243; medium_width=&#8221;0&#8243; zoom_width=&#8221;0&#8243; zoom_height=&#8221;0&#8243; width=&#8221;1\/1&#8243; column_width_pixel=&#8221;600&#8243;][vc_row_inner row_inner_height_percent=&#8221;0&#8243; overlay_alpha=&#8221;50&#8243; gutter_size=&#8221;3&#8243; shift_y=&#8221;0&#8243;][vc_column_inner column_width_percent=&#8221;100&#8243; gutter_size=&#8221;3&#8243; style=&#8221;light&#8221; overlay_alpha=&#8221;0&#8243; shift_x=&#8221;0&#8243; shift_y=&#8221;0&#8243; shift_y_down=&#8221;0&#8243; z_index=&#8221;0&#8243; medium_width=&#8221;4&#8243; mobile_width=&#8221;0&#8243; zoom_width=&#8221;0&#8243; zoom_height=&#8221;0&#8243; width=&#8221;1\/1&#8243; uncode_shortcode_id=&#8221;207804&#8243;][vc_column_text uncode_shortcode_id=&#8221;939185&#8243;]<img decoding=\"async\" class=\"alignnone wp-image-410\" src=\"http:\/\/www2026a.vu.lt\/wp-content\/uploads\/2019\/12\/SMZ-2.png\" alt=\"SMZ\" width=\"100\" height=\"100\" \/>[\/vc_column_text][vc_custom_heading text_size=&#8221;h1&#8243; text_uppercase=&#8221;&#8221; subheading=&#8221;\u0160iuo metu svetain\u0117 atnaujinama. Liko tiek nedaug&#8230;&#8221; uncode_shortcode_id=&#8221;187316&#8243;]Atsipra\u0161ome, ta\u010diau laikas atsinaujinti.[\/vc_custom_heading][vc_progress_bar values=&#8221;%5B%7B%22label%22%3A%22PROGRESAS%22%2C%22value%22%3A%2290%22%2C%22bar_color_type%22%3A%22uncode-palette%22%2C%22bar_color%22%3A%22accent%22%2C%22bar_color_solid%22%3A%22%23ff0000%22%2C%22back_color_type%22%3A%22uncode-palette%22%2C%22back_color%22%3A%22color-prif%22%2C%22back_color_solid%22%3A%22%23ff0000%22%7D%5D&#8221; bar_color=&#8221;accent&#8221; units=&#8221;%&#8221;][\/vc_column_inner][\/vc_row_inner][\/vc_column][\/vc_row]<\/p>\n","protected":false},"excerpt":{"rendered":"<p>[vc_row row_height_percent=&#8221;100&#8243; override_padding=&#8221;yes&#8221; h_padding=&#8221;2&#8243; top_padding=&#8221;5&#8243; bottom_padding=&#8221;5&#8243; back_image=&#8221;630&#8243; kburns=&#8221;yes&#8221; overlay_color=&#8221;color-xsdn&#8221; overlay_alpha=&#8221;80&#8243; gutter_size=&#8221;3&#8243; column_width_percent=&#8221;100&#8243; shift_y=&#8221;0&#8243; z_index=&#8221;0&#8243; uncode_shortcode_id=&#8221;938468&#8243; overlay_color_type=&#8221;uncode-palette&#8221; shape_dividers=&#8221;&#8221;][vc_column column_width_use_pixel=&#8221;yes&#8221; position_horizontal=&#8221;left&#8221; position_vertical=&#8221;middle&#8221; [&hellip;]<\/p>\n","protected":false},"author":1,"featured_media":0,"parent":0,"menu_order":0,"comment_status":"closed","ping_status":"closed","template":"","meta":[],"_links":{"self":[{"href":"https:\/\/smz.lt\/pl\/wp-json\/wp\/v2\/pages\/721"}],"collection":[{"href":"https:\/\/smz.lt\/pl\/wp-json\/wp\/v2\/pages"}],"about":[{"href":"https:\/\/smz.lt\/pl\/wp-json\/wp\/v2\/types\/page"}],"author":[{"embeddable":true,"href":"https:\/\/smz.lt\/pl\/wp-json\/wp\/v2\/users\/1"}],"replies":[{"embeddable":true,"href":"https:\/\/smz.lt\/pl\/wp-json\/wp\/v2\/comments?post=721"}],"version-history":[{"count":6,"href":"https:\/\/smz.lt\/pl\/wp-json\/wp\/v2\/pages\/721\/revisions"}],"predecessor-version":[{"id":727,"href":"https:\/\/smz.lt\/pl\/wp-json\/wp\/v2\/pages\/721\/revisions\/727"}],"wp:attachment":[{"href":"https:\/\/smz.lt\/pl\/wp-json\/wp\/v2\/media?parent=721"}],"curies":[{"name":"wp","href":"https:\/\/api.w.org\/{rel}","templated":true}]}}