{"id":4488,"date":"2022-09-26T09:55:00","date_gmt":"2022-09-26T06:55:00","guid":{"rendered":"https:\/\/smz.lt\/?page_id=4488"},"modified":"2022-09-30T14:52:35","modified_gmt":"2022-09-30T11:52:35","slug":"svetaines-medis","status":"publish","type":"page","link":"https:\/\/smz.lt\/pl\/svetaines-medis\/","title":{"rendered":"(Lietuvi\u0173) Svetain\u0117s medis"},"content":{"rendered":"<p>[vc_row][vc_column width=&#8221;1\/1&#8243;][vc_column_text uncode_shortcode_id=&#8221;201096&#8243;]<\/p>\n<ul>\n<li><a href=\"https:\/\/smz.lt\/bendruomene\/\"><strong>Bendruomen\u0117<\/strong><\/a><\/li>\n<li><a title=\"Administracija\" href=\"https:\/\/smz.lt\/bendruomene\/#administracija\">Administracija<\/a><\/li>\n<li><a title=\"Mokytojai\" href=\"https:\/\/smz.lt\/bendruomene\/#mokytojai\">Mokytojai<\/a><\/li>\n<li><a title=\"Ugdytiniai\" href=\"https:\/\/smz.lt\/bendruomene\/#ugdytiniai\">Ugdytiniai<\/a><\/li>\n<li><a title=\"Specialistai\" href=\"https:\/\/smz.lt\/bendruomene\/#specialistai\">Specialistai<\/a><\/li>\n<li><a title=\"Mokyklos savivalda\" href=\"https:\/\/smz.lt\/bendruomene\/#mokyklos-savivalda\">Mokyklos savivalda<\/a><\/li>\n<li><a href=\"https:\/\/smz.lt\/bendruomene\/#partneriai\" data-title=\"Partneriai\">Partneriai<\/a><\/li>\n<\/ul>\n<p>&nbsp;<\/p>\n<ul>\n<li><strong><a href=\"https:\/\/smz.lt\/ugdymas\/\">Ugdymas<\/a><\/strong><\/li>\n<li><a title=\"Ikimokyklinis ugdymas\" href=\"https:\/\/smz.lt\/ugdymas\/#ugdymas\">Ikimokyklinis ugdymas<\/a><\/li>\n<li><a title=\"Prie\u0161mokyklinis ugdymas\" href=\"http:\/\/smz.lt\/ugdymas\/#priesmokyklinis\">Prie\u0161mokyklinis ugdymas<\/a><\/li>\n<li><a title=\"Pradinis ugdymas\" href=\"https:\/\/smz.lt\/ugdymas\/#pradinis\">Pradinis ugdymas<\/a><\/li>\n<li><a title=\"Pagrindinis ugdymas\" href=\"https:\/\/smz.lt\/ugdymas\/#pagrindinis\">Pagrindinis ugdymas<\/a><\/li>\n<li><a title=\"Speciali\u0173j\u0173 ugdymosi poreiki\u0173 mokini\u0173 ugdymas\" href=\"https:\/\/smz.lt\/ugdymas\/#poreikiu\">Speciali\u0173j\u0173 ugdymosi poreiki\u0173 mokini\u0173 ugdymas<\/a><\/li>\n<li><a title=\"Neformalusis \u0161vietimas\" href=\"https:\/\/smz.lt\/ugdymas\/#neformalusis\">Neformalusis \u0161vietimas<\/a><\/li>\n<li><a title=\"Nuotolinis ugdymas\" href=\"https:\/\/smz.lt\/ugdymas\/#nuotolinis\">Nuotolinis ugdymas<\/a><\/li>\n<li><a title=\"Socialin\u0117 - pilietin\u0117 veikla\" href=\"https:\/\/smz.lt\/ugdymas\/#veikla\">Socialin\u0117 \u2013 pilietin\u0117 veikla<\/a><\/li>\n<li><a title=\"Mokini\u0173 pasiekim\u0173 tyrimai\" href=\"https:\/\/smz.lt\/ugdymas\/#pasiekimai\">Mokini\u0173 pasiekim\u0173 tyrimai<\/a><\/li>\n<\/ul>\n<p>&nbsp;<\/p>\n<ul>\n<li><strong><a href=\"https:\/\/smz.lt\/kita-veikla\/\">Kita veikla<\/a><\/strong><\/li>\n<li><a title=\"Projektai\" href=\"https:\/\/smz.lt\/kita-veikla\/#projektai\">Projektai<\/a><\/li>\n<li><a title=\"Paty\u010di\u0173 ir smurto prevencija\" href=\"https:\/\/smz.lt\/kita-veikla\/#prevencija\">Paty\u010di\u0173 ir smurto prevencija<\/a><\/li>\n<li><a title=\"Sveikatos prevencija\" href=\"https:\/\/smz.lt\/kita-veikla\/#sveikatos-prevencija\">Sveikatos prevencija<\/a><\/li>\n<li><a title=\"Kult\u016bros pasas\" href=\"https:\/\/smz.lt\/kita-veikla\/#kultura\">Kult\u016bros pasas<\/a><\/li>\n<li><a title=\"Pasiekimai\" href=\"https:\/\/smz.lt\/kita-veikla\/#pasiekimai\">Pasiekimai<\/a><\/li>\n<\/ul>\n<p>&nbsp;<\/p>\n<ul>\n<li><a href=\"https:\/\/smz.lt\/teisine-informacija\/\"><strong>Teisin\u0117 informacija<\/strong><\/a><\/li>\n<li><a href=\"https:\/\/smz.lt\/teisine-informacija\/#aktai\" data-title=\"Teis\u0117s aktai\">Teis\u0117s aktai<\/a><\/li>\n<li><a title=\"Teis\u0117s akt\u0173 projektai\" href=\"https:\/\/smz.lt\/teisine-informacija\/#teises-projektai\">Teis\u0117s akt\u0173 projektai<\/a><\/li>\n<li><a title=\"Tyrimai ir analiz\u0117s\" href=\"https:\/\/smz.lt\/teisine-informacija\/#analizes\">Tyrimai ir analiz\u0117s<\/a><\/li>\n<li><a title=\"Teis\u0117s akt\u0173 pa\u017eeidimai\" href=\"https:\/\/smz.lt\/teisine-informacija\/#pazeidimai\">Teis\u0117s akt\u0173 pa\u017eeidimai<\/a><\/li>\n<li><a title=\"Teisinio reguliavimo steb\u0117sena\" href=\"https:\/\/smz.lt\/teisine-informacija\/#reguliavimas\">Teisinio reguliavimo steb\u0117sena<\/a><\/li>\n<\/ul>\n<p>&nbsp;<\/p>\n<ul>\n<li><strong><a href=\"https:\/\/smz.lt\/administracine-informacija\/\">Administracin\u0117 informacija<\/a><\/strong><\/li>\n<li><a href=\"https:\/\/smz.lt\/administracine-informacija\/#nuostatai\" data-title=\"Nuostatai\">Nuostatai<\/a><\/li>\n<li><a title=\"Planavimo dokumentai\" href=\"https:\/\/smz.lt\/administracine-informacija\/#planavimo-dokumentai\">Planavimo dokumentai<\/a><\/li>\n<li><a title=\"Darbo u\u017emokestis\" href=\"https:\/\/smz.lt\/administracine-informacija\/#darbo-mokestis\">Darbo u\u017emokestis<\/a><\/li>\n<li><a title=\"Vie\u0161ieji pirkimai\" href=\"https:\/\/smz.lt\/administracine-informacija\/#vie%C5%A1ieji-pirkimai\">Vie\u0161ieji pirkimai<\/a><\/li>\n<li><a title=\"Biud\u017eeto vykdymo ataskait\u0173 rinkiniai\" href=\"https:\/\/smz.lt\/administracine-informacija\/#biudzeto-vykdymas\">Biud\u017eeto vykdymo ataskait\u0173 rinkiniai<\/a><\/li>\n<li><a title=\"Finansini\u0173 ataskait\u0173 rinkiniai\" href=\"https:\/\/smz.lt\/administracine-informacija\/#finansines-ataskaitos\">Finansini\u0173 ataskait\u0173 rinkiniai<\/a><\/li>\n<li><a title=\"\u016akio subjekt\u0173 prie\u017ei\u016bra\" href=\"https:\/\/smz.lt\/administracine-informacija\/#ukis\">\u016akio subjekt\u0173 prie\u017ei\u016bra<\/a><\/li>\n<li><a title=\"Da\u017eniausiai u\u017eduodami klausimai\" href=\"https:\/\/smz.lt\/administracine-informacija\/#klausimai\">Da\u017eniausiai u\u017eduodami klausimai<\/a><\/li>\n<li><a title=\"Konsultavimasis su visuomene\" href=\"https:\/\/smz.lt\/administracine-informacija\/#konsultavimasis\">Konsultavimasis su visuomene<\/a><\/li>\n<\/ul>\n<p>&nbsp;<\/p>\n<ul>\n<li><strong><a href=\"https:\/\/smz.lt\/paslaugos\/\">Paslaugos<\/a><\/strong><\/li>\n<li><a title=\"Logopedo pagalba\" href=\"https:\/\/smz.lt\/paslaugos\/#logopedas\">Logopedo pagalba<\/a><\/li>\n<li><a title=\"Socialinio pedagogo pagalba\" href=\"https:\/\/smz.lt\/paslaugos\/#socialinis\">Socialinio pedagogo pagalba<\/a><\/li>\n<li><a href=\"https:\/\/smz.lt\/paslaugos\/#psichologo\" data-title=\"Psichologo pagalba\">Psichologo pagalba<\/a><\/li>\n<li><a title=\"Karjeros planavimas\" href=\"https:\/\/smz.lt\/paslaugos\/#karjeros-planavimas\">Karjeros planavimas<\/a><\/li>\n<li><a title=\"Biblioteka\" href=\"https:\/\/smz.lt\/paslaugos\/#biblioteka\">Biblioteka<\/a><\/li>\n<li><a title=\"Maitinimas\" href=\"https:\/\/smz.lt\/paslaugos\/#maitinimas\">Maitinimas<\/a><\/li>\n<li><a title=\"Pav\u0117\u017e\u0117jimas\" href=\"https:\/\/smz.lt\/paslaugos\/#pavezejimas\">Pav\u0117\u017e\u0117jimas<\/a><\/li>\n<li><a title=\"Mokykloje vykdomos programos\" href=\"https:\/\/smz.lt\/paslaugos\/#pramogos\">Mokykloje vykdomos programos<\/a><\/li>\n<li><a title=\"Vaiko gerov\u0117s komisija\" href=\"https:\/\/smz.lt\/paslaugos\/#vaiko-komisija\">Vaiko gerov\u0117s komisija<\/a><\/li>\n<li><a title=\"Pagalbos telefonai\" href=\"https:\/\/smz.lt\/paslaugos\/#pagalbos-telefonai\">Pagalbos telefonai<\/a><\/li>\n<li><a title=\"Naudingos nuorodos\" href=\"https:\/\/smz.lt\/paslaugos\/#nuorodos\">Naudingos nuorodos<\/a><\/li>\n<\/ul>\n<p>&nbsp;<\/p>\n<ul>\n<li><strong><a href=\"https:\/\/smz.lt\/apie-mokykla\/\">Apie mokykl\u0105<\/a><\/strong><\/li>\n<li><a title=\"Istorija\" href=\"https:\/\/smz.lt\/apie-mokykla\/#Istorija\">Istorija<\/a><\/li>\n<li><a title=\"Vizija\" href=\"https:\/\/smz.lt\/apie-mokykla\/#vizija\">Vizija<\/a><\/li>\n<li><a title=\"Isivertinimas\" href=\"https:\/\/smz.lt\/apie-mokykla\/#isivertinimas\">Isivertinimas<\/a><\/li>\n<li><a title=\"Vaik\u0173 pri\u0117mimas\" href=\"https:\/\/smz.lt\/apie-mokykla\/#priemimas\">Vaik\u0173 pri\u0117mimas<\/a><\/li>\n<li><a href=\"https:\/\/smz.lt\/apie-mokykla\/#darbas\" data-title=\"Darbo vietos\">Laisvos darbo vietos<\/a><\/li>\n<\/ul>\n<p>&nbsp;<\/p>\n<ul>\n<li><strong><a href=\"https:\/\/smz.lt\/asmens-duomenu-apsauga\/\">Asmens duomen\u0173 apsauga<\/a><\/strong><\/li>\n<li><strong><a href=\"https:\/\/smz.lt\/praneseju-apsauga\/\">Pran\u0117\u0161\u0117ju apsauga<\/a><\/strong><\/li>\n<li><a href=\"https:\/\/smz.lt\/korupcijos-prevencija\/\"><strong>Korupcijos prevencija<\/strong><\/a><\/li>\n<li><strong><strong><a href=\"https:\/\/smz.lt\/struktura-ir-kontaktai\/\">Strukt\u016bra ir kontaktai<\/a><\/strong><\/strong><\/li>\n<li><a href=\"https:\/\/smz.lt\/atviri-duomenys\/\"><strong>Atviri duomenys<\/strong><\/a><\/li>\n<li><strong><strong><a href=\"https:\/\/smz.lt\/prevencine-veikla\/\">Prevencin\u0117 veikla<\/a><\/strong><\/strong><\/li>\n<li><a href=\"https:\/\/smz.lt\/covid-19\/\"><strong>Covid-19<\/strong><\/a><\/li>\n<li><strong><strong><a href=\"https:\/\/smz.lt\/rastinenu-skyrius\/\">Rastin\u0117n\u0173 skyrius<\/a><\/strong><\/strong><\/li>\n<\/ul>\n<p>[\/vc_column_text][\/vc_column][\/vc_row]<\/p>","protected":false},"excerpt":{"rendered":"<p>[vc_row][vc_column width=&#8221;1\/1&#8243;][vc_column_text uncode_shortcode_id=&#8221;201096&#8243;] Bendruomen\u0117 Administracija Mokytojai Ugdytiniai Specialistai Mokyklos savivalda Partneriai &nbsp; Ugdymas Ikimokyklinis ugdymas Prie\u0161mokyklinis ugdymas Pradinis ugdymas Pagrindinis [&hellip;]<\/p>\n","protected":false},"author":1,"featured_media":0,"parent":0,"menu_order":0,"comment_status":"closed","ping_status":"closed","template":"","meta":[],"_links":{"self":[{"href":"https:\/\/smz.lt\/pl\/wp-json\/wp\/v2\/pages\/4488"}],"collection":[{"href":"https:\/\/smz.lt\/pl\/wp-json\/wp\/v2\/pages"}],"about":[{"href":"https:\/\/smz.lt\/pl\/wp-json\/wp\/v2\/types\/page"}],"author":[{"embeddable":true,"href":"https:\/\/smz.lt\/pl\/wp-json\/wp\/v2\/users\/1"}],"replies":[{"embeddable":true,"href":"https:\/\/smz.lt\/pl\/wp-json\/wp\/v2\/comments?post=4488"}],"version-history":[{"count":23,"href":"https:\/\/smz.lt\/pl\/wp-json\/wp\/v2\/pages\/4488\/revisions"}],"predecessor-version":[{"id":4756,"href":"https:\/\/smz.lt\/pl\/wp-json\/wp\/v2\/pages\/4488\/revisions\/4756"}],"wp:attachment":[{"href":"https:\/\/smz.lt\/pl\/wp-json\/wp\/v2\/media?parent=4488"}],"curies":[{"name":"wp","href":"https:\/\/api.w.org\/{rel}","templated":true}]}}