{"id":3891,"date":"2022-06-13T09:41:16","date_gmt":"2022-06-13T06:41:16","guid":{"rendered":"https:\/\/smz.lt\/?page_id=3891"},"modified":"2022-09-28T12:32:55","modified_gmt":"2022-09-28T09:32:55","slug":"praneseju-apsauga","status":"publish","type":"page","link":"https:\/\/smz.lt\/pl\/praneseju-apsauga\/","title":{"rendered":"Prane\u0161\u0117j\u0173 apsauga"},"content":{"rendered":"<p class=\"qtranxs-available-languages-message qtranxs-available-languages-message-pl\">Przepraszamy, ten wpis jest dost\u0119pny tylko w j\u0119zyku <a href=\"https:\/\/smz.lt\/lt\/wp-json\/wp\/v2\/pages\/3891\" class=\"qtranxs-available-language-link qtranxs-available-language-link-lt\" title=\"Lietuvi\u0173\">Litewski<\/a>.<\/p>","protected":false},"excerpt":{"rendered":"<p>Przepraszamy, ten wpis jest dost\u0119pny tylko w j\u0119zyku Litewski.<\/p>\n","protected":false},"author":4,"featured_media":0,"parent":0,"menu_order":0,"comment_status":"closed","ping_status":"closed","template":"","meta":[],"_links":{"self":[{"href":"https:\/\/smz.lt\/pl\/wp-json\/wp\/v2\/pages\/3891"}],"collection":[{"href":"https:\/\/smz.lt\/pl\/wp-json\/wp\/v2\/pages"}],"about":[{"href":"https:\/\/smz.lt\/pl\/wp-json\/wp\/v2\/types\/page"}],"author":[{"embeddable":true,"href":"https:\/\/smz.lt\/pl\/wp-json\/wp\/v2\/users\/4"}],"replies":[{"embeddable":true,"href":"https:\/\/smz.lt\/pl\/wp-json\/wp\/v2\/comments?post=3891"}],"version-history":[{"count":5,"href":"https:\/\/smz.lt\/pl\/wp-json\/wp\/v2\/pages\/3891\/revisions"}],"predecessor-version":[{"id":4590,"href":"https:\/\/smz.lt\/pl\/wp-json\/wp\/v2\/pages\/3891\/revisions\/4590"}],"wp:attachment":[{"href":"https:\/\/smz.lt\/pl\/wp-json\/wp\/v2\/media?parent=3891"}],"curies":[{"name":"wp","href":"https:\/\/api.w.org\/{rel}","templated":true}]}}