{"id":295,"date":"2019-11-18T13:44:32","date_gmt":"2019-11-18T13:44:32","guid":{"rendered":"http:\/\/www2026a.vu.lt\/?page_id=295"},"modified":"2022-09-30T08:09:48","modified_gmt":"2022-09-30T05:09:48","slug":"asmens-duomenu-apsauga","status":"publish","type":"page","link":"https:\/\/smz.lt\/pl\/asmens-duomenu-apsauga\/","title":{"rendered":"Ochrona danych osobowych"},"content":{"rendered":"[vc_row][vc_column][vc_custom_heading uncode_shortcode_id=&#8221;214600&#8243;]\r\n<h1>Ochrona danych osobowych<\/h1>\r\n<p>[\/vc_custom_heading][vc_column_text uncode_shortcode_id=&#8221;486502&#8243;]<strong>Szko\u0142a Podstawowa im. Mariana Zdziechowskiego w Suderwie, w rejonie wile\u0144skim. Inspektor ochrony danych.<\/strong><\/p>\r\n<p>Informujemy, \u017ce realizuj\u0105c wymagania og\u00f3lnego rozporz\u0105dzenia o ochronie danych, inspektorem ochrony danych w Szkole Podstawowej im. Mariana Zdziechowskiego w Suderwie zosta\u0142 mianowany Zbigniew Sinkiewicz, nauczyciel metodyk wychowania fizycznego.<\/p>\r\n<p>Inspektor ochrony danych wykonuje swoje zadania zgodnie z Rozporz\u0105dzeniem Parlamentu Europejskiego 2016 r. z 27 kwietnia i Rady (UE) nr 182\/2011 artyku\u0142 39 2016\/679.<\/p>\r\n<p>Wykonuj\u0105c swoje obowi\u0105zki, inspektor ochrony danych nale\u017cycie ocenia ryzyko zwi\u0105zane z operacjami przetwarzania danych w szkole, bior\u0105c pod uwag\u0119 charakter, zakres, kontekst i cele przetwarzania danych.<\/p>\r\n<p>W sprawie ochrony danych prosimy o kontakt ze Zbigniewem Sinkiewiczem, inspektorem ochrony danych \u2013 nauczyciel metodyk wychowania fizycznego w Szkole Podstawowej im. Mariana Zdziechowskiego (8 5) 249 0237, e-mail. <a href=\"mailto:duomenu.apsauga@suderve.vilniausr.lm.lt\" target=\"_blank\" rel=\"noopener\">duomenu.apsauga@suderve.<wbr \/>vilniausr.lm.lt<\/a>, ul. M. Zdziechowskiego 1, wie\u015b Suderwie, LT-14201 rejon wile\u0144ski.<\/p>\r\n<p>[\/vc_column_text][uncode_list larger=&#8221;yes&#8221; icon=&#8221;fa fa-arrow-right3&#8243; uncode_shortcode_id=&#8221;122621&#8243;]\r\n<ul>\r\n<li><strong><span style=\"color: #000080;\"><a href=\"https:\/\/smz.lt\/wp-content\/uploads\/2022\/06\/DUOMENU-SUBJEKTU-TEISIU-IGYVENDINIMO-TVARKA.pdf\">Duomen\u0173 subjekt\u0173 teisi\u0173 \u012fgyvendinimo tvarka<\/a><\/span><\/strong><\/li>\r\n<li><strong><span style=\"color: #000080;\"><a href=\"https:\/\/smz.lt\/wp-content\/uploads\/2022\/06\/VAIZDO-DUOMENU-TVARKYMO-TAISYKLES.pdf\">Vaizdo duomen\u0173 tvarkymo taisykl\u0117s<\/a><\/span><\/strong><\/li>\r\n<li><strong><a href=\"https:\/\/smz.lt\/wp-content\/uploads\/2022\/06\/Asmens-duomenu-tvarkymo-taisykles.pdf\">Asmens duomen\u0173 tvarkymo taisykl\u0117s<\/a><\/strong><\/li>\r\n<li><strong><a href=\"https:\/\/smz.lt\/wp-content\/uploads\/2022\/06\/Privatumo-politika-1.pdf\">Privatumo politika<\/a><\/strong><\/li>\r\n<\/ul>\r\n<p>[\/uncode_list][\/vc_column][\/vc_row]<\/p>","protected":false},"excerpt":{"rendered":"<p>[vc_row][vc_column][vc_custom_heading uncode_shortcode_id=&#8221;214600&#8243;] Ochrona danych osobowych [\/vc_custom_heading][vc_column_text uncode_shortcode_id=&#8221;486502&#8243;]Szko\u0142a Podstawowa im. Mariana Zdziechowskiego w Suderwie, w rejonie wile\u0144skim. Inspektor ochrony danych. Informujemy, [&hellip;]<\/p>\n","protected":false},"author":1,"featured_media":0,"parent":0,"menu_order":0,"comment_status":"closed","ping_status":"closed","template":"","meta":[],"_links":{"self":[{"href":"https:\/\/smz.lt\/pl\/wp-json\/wp\/v2\/pages\/295"}],"collection":[{"href":"https:\/\/smz.lt\/pl\/wp-json\/wp\/v2\/pages"}],"about":[{"href":"https:\/\/smz.lt\/pl\/wp-json\/wp\/v2\/types\/page"}],"author":[{"embeddable":true,"href":"https:\/\/smz.lt\/pl\/wp-json\/wp\/v2\/users\/1"}],"replies":[{"embeddable":true,"href":"https:\/\/smz.lt\/pl\/wp-json\/wp\/v2\/comments?post=295"}],"version-history":[{"count":43,"href":"https:\/\/smz.lt\/pl\/wp-json\/wp\/v2\/pages\/295\/revisions"}],"predecessor-version":[{"id":4723,"href":"https:\/\/smz.lt\/pl\/wp-json\/wp\/v2\/pages\/295\/revisions\/4723"}],"wp:attachment":[{"href":"https:\/\/smz.lt\/pl\/wp-json\/wp\/v2\/media?parent=295"}],"curies":[{"name":"wp","href":"https:\/\/api.w.org\/{rel}","templated":true}]}}