{"id":291,"date":"2019-11-18T13:43:48","date_gmt":"2019-11-18T13:43:48","guid":{"rendered":"http:\/\/www2026a.vu.lt\/?page_id=291"},"modified":"2024-12-13T15:09:29","modified_gmt":"2024-12-13T13:09:29","slug":"korupcijos-prevencija","status":"publish","type":"page","link":"https:\/\/smz.lt\/pl\/korupcijos-prevencija\/","title":{"rendered":"Prewencja korupcji"},"content":{"rendered":"[vc_row][vc_column][vc_custom_heading uncode_shortcode_id=&#8221;259439&#8243;]\r\n<h1>Prewencja korupcji<\/h1>\r\n<p>[\/vc_custom_heading][vc_column_text uncode_shortcode_id=&#8221;199305&#8243;]<\/p>\r\n<h5>Osoba odpowiedzialna za zapobieganie korupcji w szkole<\/h5>\r\n<p><strong>Liusia \u0141apszewicz, nauczycielka historii, metodyk<\/strong><\/p>\r\n<p><strong>Kontakt<\/strong><\/p>\r\n<p>e-mail: <a href=\"mailto:liucina@smz.lt\">liucina@smz.lt<\/a><\/p>\r\n<p><strong>Prewencja korupcji:<\/strong><\/p>\r\n<ul>\r\n<li><a href=\"https:\/\/smz.lt\/wp-content\/uploads\/2022\/03\/Vilniaus-r.-Suderves-pagrindines-mokyklos-apgaules-ir-korupcijos-tvarkos-aprasas.pdf\">Vilniaus r. Suderv\u0117s pagrindin\u0117s mokyklos apgaul\u0117s ir korupcijos tvarkos apra\u0161as<\/a><\/li>\r\n<li><a href=\"https:\/\/smz.lt\/wp-content\/uploads\/2022\/03\/Vilniaus-r.-Suderves-Mariano-Zdziechovskio-pagrindines-mokyklos-apgaules-ir-korupcijos-prevencijos-2022%E2%80%93-2024-metu-programa-ir-planas.pdf\">Vilniaus r. Suderv\u0117s Mariano Zdziechovskio pagrindin\u0117s mokyklos apgaul\u0117s ir korupcijos prevencijos 2022\u2013 2024 met\u0173 programa ir planas<\/a><\/li>\r\n<li><a href=\"https:\/\/smz.lt\/wp-content\/uploads\/2022\/03\/Veiksmu-Vilniaus-r.-Suderves-Mariano-Zdziechovskio-pagrindineje-mokykloje-gavus-neteiseta-atlygi-tvarkos-aprasas.pdf\">Veiksm\u0173 Vilniaus r. Suderv\u0117s Mariano Zdziechovskio pagrindin\u0117je mokykloje gavus neteis\u0117t\u0105 atlyg\u012f tvarkos apra\u0161as<\/a><\/li>\r\n<li><a href=\"https:\/\/smz.lt\/wp-content\/uploads\/2022\/03\/Vilniaus-r.-Suderves-Mariano-Zdziechovskio-pagrindines-mokyklos-etikos-ir-antikorupcinio-elgesio-kodeksas.pdf\">Vilniaus r. Suderv\u0117s Mariano Zdziechovskio pagrindin\u0117s mokyklos etikos ir antikorupcinio elgesio kodeksas<\/a><\/li>\r\n<li><a href=\"https:\/\/smz.lt\/wp-content\/uploads\/2022\/03\/Vilniaus-r.-Suderves-Mariano-Zdziechovskio-pagrindines-mokyklos-Antikorupcijos-komisijos-nuostatai.pdf\">Vilniaus r. Suderv\u0117s Mariano Zdziechovskio pagrindin\u0117s mokyklos Antikorupcijos komisijos nuostatai<\/a><\/li>\r\n<li><a href=\"https:\/\/smz.lt\/wp-content\/uploads\/2022\/03\/Dovanu-gautu-pagal-tarptautini-protokola-ar-tradicijas-taip-pat-reprezentacijai-skirtu-dovanu-perdavimo-vertinimo-registravimo-saugojimo-ir-eksponavimotvarkos-aprasas.pdf\">Vilniaus r. Suderv\u0117s Mariano Zdziechovskio pagrindin\u0117s mokyklos dovan\u0173, gaut\u0173 pagal tarptautin\u012f protokol\u0105 ar tradicijas, taip pat reprezentacijai skirt\u0173 dovan\u0173 perdavimo, vertinimo, registravimo, saugojimo ir eksponavimo tvarkos apra\u0161as<\/a><\/li>\r\n<li><a href=\"https:\/\/smz.lt\/wp-content\/uploads\/2022\/01\/Del-pareigybiu-saraso-del-kuriu-teikiamas-prasymas-Specialiuju-tyrimu-tarnybai-tvirtinimo.pdf\">D\u0117l<\/a><a href=\"https:\/\/smz.lt\/wp-content\/uploads\/2022\/01\/Del-pareigybiu-saraso-del-kuriu-teikiamas-prasymas-Specialiuju-tyrimu-tarnybai-tvirtinimo.pdf\">\u00a0pareigybi\u0173 s\u0105ra\u0161o, d\u0117l kuri\u0173 teikiamas pra\u0161ymas Speciali\u0173j\u0173 tyrim\u0173 tarnybai, tvirtinimo<\/a><\/li>\r\n<\/ul>\r\n<p><strong>Mo\u017cesz zg\u0142osi\u0107 ewentualne przest\u0119pstwa o charakterze korupcyjnym:<\/strong><\/p>\r\n<p>tel: 8 52 49 0237<\/p>\r\n<p>e-mail: <a href=\"mailto:liucina@smz.lt\">liucina@smz.lt<\/a><\/p>\r\n<p><strong>Informacja o zg\u0142oszeniach dotycz\u0105cych przest\u0119pstw korupcyjnych:<\/strong><\/p>\r\n<ul>\r\n<li>2023 &#8211; \u017cadnego zg\u0142oszenia nie otrzymano;<\/li>\r\n<li>2022 &#8211; \u017cadnego zg\u0142oszenia nie otrzymano;<\/li>\r\n<li>2021 &#8211; \u017cadnego zg\u0142oszenia nie otrzymano;<\/li>\r\n<li>2020 &#8211; \u017cadnego zg\u0142oszenia nie otrzymano;<\/li>\r\n<li>2019 &#8211; \u017cadnego zg\u0142oszenia nie otrzymano.<\/li>\r\n<\/ul>\r\n<p>[\/vc_column_text][vc_single_image media=&#8221;2439&#8243; media_width_percent=&#8221;48&#8243; uncode_shortcode_id=&#8221;212173&#8243;][vc_single_image media=&#8221;12531&#8243; media_width_percent=&#8221;48&#8243; uncode_shortcode_id=&#8221;113857&#8243;][vc_column_text uncode_shortcode_id=&#8221;792632&#8243;]<strong>Wi\u0119cej informacji na temat korupcji:<\/strong><\/p>\r\n<ul>\r\n<li><a href=\"https:\/\/www.stt.lt\/lt\/praneskite-apie-korupcija\/palikite-pranesima-cia\/\">STT kar\u0161toji linija;<\/a><\/li>\r\n<li><a href=\"https:\/\/www.stt.lt\/korupcijos-prevencija\/7439\">Korupcijos prevencija;<\/a><\/li>\r\n<li><a href=\"https:\/\/e-seimas.lrs.lt\/portal\/legalActEditions\/lt\/TAD\/TAIS.168154?faces-redirect=true\">Lietuvos Respublikos Korupcijos prevencijos \u012fstatymas;<\/a><\/li>\r\n<li><a href=\"https:\/\/www.stt.lt\/lt\/menu\/nacionaline-kovos-su-korupcija-programa\/nkkp-2015-2025\/\">Lietuvos Respublikos nacionalin\u0117s kovos su korupcija 2015\u20132025 met\u0173 programa;<\/a><\/li>\r\n<li><a href=\"http:\/\/www.transparency.lt\/\">Transparency International Lietuvos skyrius;<\/a><\/li>\r\n<li><a href=\"https:\/\/vtek.lt\/\">Vie\u0161\u0173j\u0173 ir priva\u010di\u0173 interes\u0173 deklaracijos.<\/a><\/li>\r\n<\/ul>\r\n<p>[\/vc_column_text][\/vc_column][\/vc_row]<\/p>","protected":false},"excerpt":{"rendered":"<p>[vc_row][vc_column][vc_custom_heading uncode_shortcode_id=&#8221;259439&#8243;] Prewencja korupcji [\/vc_custom_heading][vc_column_text uncode_shortcode_id=&#8221;199305&#8243;] Osoba odpowiedzialna za zapobieganie korupcji w szkole Liusia \u0141apszewicz, nauczycielka historii, metodyk Kontakt e-mail: [&hellip;]<\/p>\n","protected":false},"author":1,"featured_media":0,"parent":0,"menu_order":0,"comment_status":"closed","ping_status":"closed","template":"","meta":[],"_links":{"self":[{"href":"https:\/\/smz.lt\/pl\/wp-json\/wp\/v2\/pages\/291"}],"collection":[{"href":"https:\/\/smz.lt\/pl\/wp-json\/wp\/v2\/pages"}],"about":[{"href":"https:\/\/smz.lt\/pl\/wp-json\/wp\/v2\/types\/page"}],"author":[{"embeddable":true,"href":"https:\/\/smz.lt\/pl\/wp-json\/wp\/v2\/users\/1"}],"replies":[{"embeddable":true,"href":"https:\/\/smz.lt\/pl\/wp-json\/wp\/v2\/comments?post=291"}],"version-history":[{"count":34,"href":"https:\/\/smz.lt\/pl\/wp-json\/wp\/v2\/pages\/291\/revisions"}],"predecessor-version":[{"id":12543,"href":"https:\/\/smz.lt\/pl\/wp-json\/wp\/v2\/pages\/291\/revisions\/12543"}],"wp:attachment":[{"href":"https:\/\/smz.lt\/pl\/wp-json\/wp\/v2\/media?parent=291"}],"curies":[{"name":"wp","href":"https:\/\/api.w.org\/{rel}","templated":true}]}}