{"id":289,"date":"2019-11-18T13:43:37","date_gmt":"2019-11-18T13:43:37","guid":{"rendered":"http:\/\/www2026a.vu.lt\/?page_id=289"},"modified":"2026-03-24T10:18:35","modified_gmt":"2026-03-24T08:18:35","slug":"administracine-informacija","status":"publish","type":"page","link":"https:\/\/smz.lt\/pl\/administracine-informacija\/","title":{"rendered":"Informacja administracyjna"},"content":{"rendered":"<p>[vc_row row_height_percent=&#8221;0&#8243; overlay_alpha=&#8221;50&#8243; gutter_size=&#8221;3&#8243; column_width_percent=&#8221;100&#8243; shift_y=&#8221;0&#8243; z_index=&#8221;0&#8243; uncode_shortcode_id=&#8221;176443&#8243; row_name=&#8221;Nuostatai&#8221;][vc_column width=&#8221;1\/1&#8243;][vc_custom_heading uncode_shortcode_id=&#8221;192575&#8243;]<\/p>\n<h1>Regulaminy<\/h1>\n<p>[\/vc_custom_heading][vc_column_text uncode_shortcode_id=&#8221;142312&#8243;]Vilniaus r. Suderv\u0117s Mariano Zdziechovskio pagrindin\u0117s mokyklos nuostatai <a href=\"https:\/\/smz.lt\/wp-content\/uploads\/2026\/01\/pridedama-1.pdf\">(pridedama)<\/a><\/p>\n<p>&nbsp;<\/p>\n<p>[\/vc_column_text][\/vc_column][\/vc_row][vc_row row_height_percent=&#8221;0&#8243; overlay_alpha=&#8221;50&#8243; gutter_size=&#8221;3&#8243; column_width_percent=&#8221;100&#8243; shift_y=&#8221;0&#8243; z_index=&#8221;0&#8243; uncode_shortcode_id=&#8221;207460&#8243; row_name=&#8221;Planavimo dokumentai&#8221;][vc_column width=&#8221;1\/1&#8243;][vc_custom_heading uncode_shortcode_id=&#8221;153220&#8243;]<\/p>\n<h1>Dokumentacja planowania<\/h1>\n<p>[\/vc_custom_heading][vc_column_text uncode_shortcode_id=&#8221;283791&#8243;]<strong>Strateginis planas<\/strong><\/p>\n<p>Vilniaus r. Suderv\u0117s Mariano Zdziechovskio pagrindin\u0117s mokyklos\u00a0 2025\u20132027 met\u0173 strateginis planas <a href=\"https:\/\/smz.lt\/wp-content\/uploads\/2025\/01\/VILNIAUS-R.-SUDERVES-MARIANO-ZDZIECHOVSKIO-PAGRINDINES-MOKYKLOS-2025-2027-METU-STRATEGINIS-PLANAS-3.docx\">(pridedama)<\/a><\/p>\n<p><strong>Ugdymo planas<\/strong><\/p>\n<p>Vilniaus r. Suderv\u0117s Mariano Zdziechovskio pagrindin\u0117s mokyklos 2025 &#8211; 2026 mokslo met\u0173 ugdymo planas <a href=\"https:\/\/smz.lt\/wp-content\/uploads\/2026\/01\/Ugdymo_planas_2025-2026.pdf\">Ugdymo_planas_2025-2026<\/a><\/p>\n<p>Vilniaus r. Suderv\u0117s Mariano Zdziechovskio pagrindin\u0117s mokyklos\u00a0 2024\u20132025 mokslo met\u0173 ugdymo planas <a href=\"https:\/\/smz.lt\/wp-content\/uploads\/2025\/01\/2024-2025-MOKSLO-METU-UGDYMO-PLANAS-2.pdf\">(pridedama)<\/a><\/p>\n<p><strong>Metinis veiklos planas<\/strong><\/p>\n<p>Vilniaus r. Suderv\u0117s Mariano Zdziechovskio pagrindin\u0117s mokyklos\u00a0 2024\u20132025 mokslo met\u0173 veiklos planas <a href=\"https:\/\/smz.lt\/wp-content\/uploads\/2025\/01\/Mokyklos-veiklos-programa-2024-2025-1.docx\">(pridedama)<\/a><\/p>\n<p>&nbsp;<\/p>\n<p>[Atnaujinta 2025-01-08][\/vc_column_text][\/vc_column][\/vc_row][vc_row row_height_percent=&#8221;0&#8243; overlay_alpha=&#8221;50&#8243; gutter_size=&#8221;3&#8243; column_width_percent=&#8221;100&#8243; shift_y=&#8221;0&#8243; z_index=&#8221;0&#8243; uncode_shortcode_id=&#8221;402252&#8243; row_name=&#8221;darbo-uzmokestis&#8221;][vc_column width=&#8221;1\/1&#8243;][vc_custom_heading uncode_shortcode_id=&#8221;977970&#8243;]<\/p>\n<h1>P\u0142aca<\/h1>\n<p>[\/vc_custom_heading][vc_column_text uncode_shortcode_id=&#8221;206768&#8243;]<a href=\"https:\/\/e-seimas.lrs.lt\/portal\/legalAct\/lt\/TAD\/c6dd7dc2e23411e6be918a531b2126ab\/asr\">LIETUVOS RESPUBLIKOS VALSTYB\u0116S IR SAVIVALDYBI\u0172 \u012eSTAIG\u0172 DARBUOTOJ\u0172 DARBO APMOK\u0116JIMO IR KOMISIJ\u0172 NARI\u0172 ATLYGIO U\u017d DARB\u0104 \u012eSTATYMAS<\/a><\/p>\n<p><a href=\"https:\/\/smz.lt\/wp-content\/uploads\/2023\/05\/Vilniaus-r.-Suderves-Mariano-Zdziechovskio-pagrindines-mokyklos-darbuotoju-darbo-apmokejimo-tvarkos-aprasas-1.pdf\">Vilniaus r. Suderv\u0117s Mariano Zdziechovskio pagrindin\u0117s mokyklos darbuotoj\u0173 darbo apmok\u0117jimo tvarkos apra\u0161as<\/a><\/p>\n<ul>\n<li><a href=\"https:\/\/smz.lt\/wp-content\/uploads\/2025\/10\/Darbo-uzmokestis-2025-m.-III-ketvirtis.pdf\">Vilniaus r. Suderv\u0117s Mariano Zdziechovskio pagrindin\u0117s mokyklos ir Rastin\u0117n\u0173 pradinio ugdymo skyriaus vidutinis atlyginimas 2025 m. III ketvirtis<\/a><\/li>\n<li><a href=\"https:\/\/smz.lt\/wp-content\/uploads\/2025\/10\/Darbo-uzmokestis-2025-m.-II-ketvirtis.pdf\">Vilniaus r. Suderv\u0117s Mariano Zdziechovskio pagrindin\u0117s mokyklos ir Rastin\u0117n\u0173 pradinio ugdymo skyriaus vidutinis atlyginimas 2025 m. II ketvirtis<\/a><\/li>\n<li><\/li>\n<li><a href=\"https:\/\/smz.lt\/wp-content\/uploads\/2025\/04\/Darbo-uzmokestis-2025.pdf\">Vilniaus r. Suderv\u0117s Mariano Zdziechovskio pagrindin\u0117s mokyklos ir Rastin\u0117n\u0173 pradinio ugdymo skyriaus vidutinis atlyginimas 2025 m. I ketvirtis<\/a><\/li>\n<li><a href=\"https:\/\/smz.lt\/wp-content\/uploads\/2024\/11\/Vilniaus-r.-Suderves-Mariano-Zdziechovskio-pagrindines-mokyklos-ir-Rastinenu-pradinio-ugdymo-skyriaus-vidutinis-menesinis-nustatytasis-paskirtasis-darbo-uzmokestis-2024-m.-III-ketvirtis.pdf\">Vilniaus r. Suderv\u0117s Mariano Zdziechovskio pagrindin\u0117s mokyklos ir Rastin\u0117n\u0173 pradinio ugdymo skyriaus vidutinis m\u0117nesinis nustatytasis (paskirtasis) darbo u\u017emokestis 2024 m. III ketvirtis<\/a><\/li>\n<li><a href=\"https:\/\/smz.lt\/wp-content\/uploads\/2024\/11\/Darbo-uzmokestis-II-ketvirtis.pdf\">Vilniaus r. Suderv\u0117s Mariano Zdziechovskio pagrindin\u0117s mokyklos ir Rastin\u0117n\u0173 pradinio ugdymo skyriaus vidutinis m\u0117nesinis nustatytasis (paskirtasis) darbo u\u017emokestis 2024 m. II ketvirtis<\/a><\/li>\n<li><a href=\"https:\/\/smz.lt\/wp-content\/uploads\/2024\/04\/Darbo-uzmokestis.pdf\">Vilniaus r. Suderv\u0117s Mariano Zdziechovskio pagrindin\u0117s mokyklos ir Rastin\u0117n\u0173 pradinio ugdymo skyriaus vidutinis m\u0117nesinis nustatytasis (paskirtasis) darbo u\u017emokestis 2024 m. I ketvirtis<\/a><\/li>\n<li><a href=\"https:\/\/smz.lt\/wp-content\/uploads\/2023\/05\/Vilniaus-r.-Suderves-Mariano-Zdziechovskio-pagrindines-mokyklos-ir-Rastinenu-skyriaus-vidutinis-menesinis-nustatytasis-paskirtasis-darbo-uzmokestis.pdf\">Vilniaus r. Suderv\u0117s Mariano Zdziechovskio pagrindin\u0117s mokyklos ir Rastin\u0117n\u0173 skyriaus vidutinis m\u0117nesinis nustatytasis (paskirtasis) darbo u\u017emokestis 2023 m. I ketvirtis<\/a><\/li>\n<\/ul>\n<p>Atnaujinta [2025-10-22][\/vc_column_text][\/vc_column][\/vc_row][vc_row row_height_percent=&#8221;0&#8243; overlay_alpha=&#8221;50&#8243; gutter_size=&#8221;3&#8243; column_width_percent=&#8221;100&#8243; shift_y=&#8221;0&#8243; z_index=&#8221;0&#8243; uncode_shortcode_id=&#8221;206970&#8243; row_name=&#8221;vie\u0161ieji-pirkimai&#8221;][vc_column width=&#8221;1\/1&#8243;][vc_custom_heading uncode_shortcode_id=&#8221;267954&#8243;]<\/p>\n<h1>Zam\u00f3wienia publiczne (przetargi)<\/h1>\n<p>[\/vc_custom_heading][vc_column_text uncode_shortcode_id=&#8221;160211&#8243;]<a href=\"http:\/\/smz.lt\/wp-content\/uploads\/2022\/03\/Vilniaus-r.-Suderves-M.-Zdziechovskio-pagrindines-mokyklos-mazos-vertes-pirkimu-tvarkos-aprasas.pdf\">Vilniaus r. Suderv\u0117s M. Zdziechovskio pagrindin\u0117s mokyklos ma\u017eos vert\u0117s pirkim\u0173 tvarkos apra\u0161as<\/a>[\/vc_column_text][\/vc_column][\/vc_row][vc_row row_height_percent=&#8221;0&#8243; overlay_alpha=&#8221;50&#8243; gutter_size=&#8221;3&#8243; column_width_percent=&#8221;100&#8243; shift_y=&#8221;0&#8243; z_index=&#8221;0&#8243; uncode_shortcode_id=&#8221;150317&#8243; row_name=&#8221;biudzeto-vykdymas&#8221;][vc_column width=&#8221;1\/1&#8243;][vc_custom_heading uncode_shortcode_id=&#8221;311121&#8243;]<\/p>\n<h1>Zbiory sprawozda\u0144 realizacji bud\u017cetu<\/h1>\n<p>[\/vc_custom_heading][vc_column_text uncode_shortcode_id=&#8221;105781&#8243;]<\/p>\n<ul>\n<li><a href=\"https:\/\/smz.lt\/wp-content\/uploads\/2026\/03\/Finansiniu-ataskaitu-rinkinys-ir-aiskinamasis-rastas-prie-FAR-uz-2025-metus.pdf\">Finansini\u0173 ataskait\u0173 rinkinys ir ai\u0161kinamasis ra\u0161tas prie FAR u\u017e 2025 metus<\/a><\/li>\n<li><a href=\"https:\/\/smz.lt\/wp-content\/uploads\/2026\/02\/Vilniaus-r.-Suderves-Mariano-Zdziechovskio-pagrindines-mokyklos-biudzeto-vykdymo-atasakitu-rinkinys-2025-m..pdf\">Vilniaus r. Suderv\u0117s Mariano Zdziechovskio pagrindin\u0117s mokyklos biud\u017eeto vykdymo ataskait\u0173 rinkinys 2025 m.<\/a><\/li>\n<li><a href=\"https:\/\/smz.lt\/wp-content\/uploads\/2026\/01\/Biudzeto-vykdymo-ataskaitos-uz-2025-m.-III-ketvirti.pdf\">Biud\u017eeto vykdymo ataskaitos u\u017e 2025 m. III ketvirt\u012f<\/a><\/li>\n<li><a href=\"https:\/\/smz.lt\/wp-content\/uploads\/2025\/10\/Biudzeto-vykdymo-ataskaitos-uz-2025-m.-II-ketvirti.pdf\">Biud\u017eeto vykdymo ataskaitos u\u017e 2025 m. II ketvirt\u012f<\/a><\/li>\n<li><a href=\"https:\/\/smz.lt\/wp-content\/uploads\/2025\/10\/Biudzeto-vykdymo-ataskaitos-uz-2025-m.-I-ketvirti.pdf\">Biud\u017eeto vykdymo ataskaitos u\u017e 2025 m. I ketvirt\u012f<\/a><\/li>\n<li><a href=\"https:\/\/smz.lt\/wp-content\/uploads\/2025\/10\/Aiskinamasis-rastas-prie-biudzeto-ataskaitu-rinkinio-uz-2024-m..pdf\">Ai\u0161kinamasis ra\u0161tas prie biud\u017eeto ataskait\u0173 rinkinio u\u017e 2024 m.<\/a><\/li>\n<li><a href=\"https:\/\/smz.lt\/wp-content\/uploads\/2025\/03\/Biudzeto-vykdymo-ataskaitos-uz-2024-m.-IV-ketvirti.pdf\">Biud\u017eeto vykdymo ataskaitos u\u017e 2024 m. IV ketvirt\u012f<\/a><\/li>\n<li><a href=\"https:\/\/smz.lt\/wp-content\/uploads\/2024\/12\/Biudzeto-vykdymo-ataskaitos-uz-2024-m.-III-ketvirti.pdf\">Biud\u017eeto vykdymo ataskaitos u\u017e 2024 m. III ketvirt\u012f<\/a><\/li>\n<li><a href=\"https:\/\/smz.lt\/wp-content\/uploads\/2024\/08\/Biudzeto-vykdymo-ataskaitos-uz-2024-m.-II-ketvirti.pdf\">Biud\u017eeto vykdymo ataskaitos u\u017e 2024 m. II ketvirt\u012f<\/a><\/li>\n<li><a href=\"https:\/\/smz.lt\/wp-content\/uploads\/2024\/12\/Finansines-bukles-ataskaita-II-ketvirtis.pdf\">Finansin\u0117s b\u016bkl\u0117s ataskaita u\u017e 2024 met\u0173 II ketvirt\u012f<\/a><\/li>\n<li><a href=\"https:\/\/smz.lt\/wp-content\/uploads\/2024\/04\/Biudzeto-vykdymo-ataskaitu-rinkinys-uz-2024-m.-I-ketvirti.pdf\">Biud\u017eeto ataskaita u\u017e 2024 m. I ketvirt\u012f<\/a><\/li>\n<li><a href=\"https:\/\/smz.lt\/wp-content\/uploads\/2024\/05\/Biudzeto-vykdymo-ataskaitu-rinkinys-uz-2023-m..pdf\">Biud\u017eeto vykdymo ataskait\u0173 rinkinys u\u017e 2023 m.<\/a><\/li>\n<li><a href=\"https:\/\/smz.lt\/wp-content\/uploads\/2024\/05\/Biudzeto-islaidu-samatos-uz-2023-m.-III-ketvirti.pdf\">Biud\u017eeto ataskaita u\u017e 2023 m. III ketvirt\u012f<\/a><\/li>\n<li><a href=\"https:\/\/smz.lt\/wp-content\/uploads\/2023\/08\/Biudzeto-ataskaita-uz-2023-II-ketvirti.pdf\">Biud\u017eeto ataskaita u\u017e 2023 II ketvirt\u012f<\/a><\/li>\n<li><a href=\"https:\/\/smz.lt\/wp-content\/uploads\/2023\/08\/Biudzeto-ataskaita-uz-2023-I-ketvirti.pdf\">Biud\u017eeto ataskaita u\u017e 2023 I ketvirt\u012f<\/a><\/li>\n<li><a href=\"https:\/\/smz.lt\/wp-content\/uploads\/2024\/04\/Biudzeto-vykdymo-ataskaitu-rinkinys-uz-2022-m..pdf\">Biud\u017eeto vykdymo ataskait\u0173 rinkinys u\u017e 2022 m.<\/a><\/li>\n<li><a href=\"https:\/\/smz.lt\/wp-content\/uploads\/2023\/01\/Finansines-bukles-ataskaita-III-ketvirtis-1.pdf\">Biud\u017eeto\u00a0 ataskaita u\u017e 2022 III ketvirt\u012f<\/a><\/li>\n<li><a href=\"https:\/\/smz.lt\/wp-content\/uploads\/2022\/09\/Biudzeto-ataskaita-uz-II-ketvirti.pdf\">Biud\u017eeto ataskaita u\u017e 2022 II ketvirt\u012f<\/a><\/li>\n<li><a href=\"https:\/\/smz.lt\/wp-content\/uploads\/2022\/09\/Biudzeto-ataskaita-uz-I-ketvirti.pdf\">Biud\u017eeto ataskaita u\u017e 2022 I ketvirt\u012f<\/a><\/li>\n<\/ul>\n<p>&nbsp;<\/p>\n<p>[Atnaujinta 2026-03-24][\/vc_column_text][\/vc_column][\/vc_row][vc_row row_height_percent=&#8221;0&#8243; overlay_alpha=&#8221;50&#8243; gutter_size=&#8221;3&#8243; column_width_percent=&#8221;100&#8243; shift_y=&#8221;0&#8243; z_index=&#8221;0&#8243; uncode_shortcode_id=&#8221;882782&#8243; row_name=&#8221;finansines-ataskaitos&#8221;][vc_column width=&#8221;1\/1&#8243;][vc_custom_heading uncode_shortcode_id=&#8221;100836&#8243;]<\/p>\n<h1>Zbiory sprawozda\u0144 finansowych<\/h1>\n<p>[\/vc_custom_heading][vc_column_text uncode_shortcode_id=&#8221;338455&#8243;]<\/p>\n<ul>\n<li><a href=\"https:\/\/smz.lt\/wp-content\/uploads\/2025\/05\/Vilniaus-r.-Suderves-Mariano-Zdziechovskio-pagr.-mokykla.pdf\">Vilniaus r. Suderv\u0117s Mariano Zdziechovskio pagrindin\u0117s mokyklos 2024 met\u0173 ataskait\u0173 rinkinys<\/a><\/li>\n<li><a href=\"https:\/\/smz.lt\/wp-content\/uploads\/2025\/03\/Finansiniu-ataskaitu-rinkinys-uz-2024-metus.pdf\">Finansini\u0173 ataskait\u0173 rinkinys u\u017e 2024 metus<\/a><\/li>\n<li><a href=\"https:\/\/smz.lt\/wp-content\/uploads\/2025\/03\/Aiskinamasis-rastas-prie-2024-metu-finansiniu-ataskaitu-rinkinio.pdf\">Ai\u0161kinamasis ra\u0161tas prie 2024 met\u0173 finansini\u0173 ataskait\u0173 rinkinio<\/a><\/li>\n<li><a href=\"https:\/\/smz.lt\/wp-content\/uploads\/2024\/08\/Finansiniu-ataskaitu-rinkinys-uz-2023-metus.pdf\">Finansini\u0173 ataskait\u0173 rinkinys u\u017e 2023 metus<\/a><\/li>\n<li><a href=\"https:\/\/smz.lt\/wp-content\/uploads\/2024\/08\/Aiskinamasis-rastas-prie-2023-metu-finansiniu-ataskaitu-rinkinio.pdf\">Ai\u0161kinamasis ra\u0161tas prie 2023 met\u0173 finansini\u0173 ataskait\u0173 rinkinio<\/a><\/li>\n<li><a href=\"https:\/\/smz.lt\/wp-content\/uploads\/2023\/06\/Finansiniu-ataskaitu-rinkinys-uz-2022-metus-1.pdf\">Finansini\u0173 ataskait\u0173 rinkinys u\u017e 2022 metus<\/a><\/li>\n<li><a href=\"https:\/\/smz.lt\/wp-content\/uploads\/2023\/06\/Aiskinamasis-rastas-prie-2022-metu-finansiniu-ataskaitu-rinkinio-1.pdf\">Ai\u0161kinamasis ra\u0161tas prie 2022 met\u0173 finansini\u0173 ataskait\u0173 rinkinio<\/a><\/li>\n<li><a href=\"https:\/\/smz.lt\/wp-content\/uploads\/2022\/06\/Finansiniu-ataskaitu-rinkinys-2021.pdf\">Finansini\u0173 ataskait\u0173 rinkinys u\u017e 2021 metus<\/a><\/li>\n<li><a href=\"https:\/\/smz.lt\/wp-content\/uploads\/2022\/06\/Aiskinamasis-rastas-prie-ataskaitu-rinkinio-2021.pdf\">Ai\u0161kinamasis ra\u0161tas prie ataskait\u0173 rinkinio 2021<\/a><\/li>\n<li><a href=\"http:\/\/smz.lt\/wp-content\/uploads\/2022\/01\/Finansiniu-ataskaitu-rinkinys-uz-2020-metus.pdf\">Finansini\u0173 ataskait\u0173 rinkinys u\u017e 2020 metus<\/a><\/li>\n<li><a href=\"http:\/\/smz.lt\/wp-content\/uploads\/2022\/01\/Finansiniu-ataskaitu-rinkinys-uz-2019-metus-1.pdf\">Finansini\u0173 ataskait\u0173 rinkinys u\u017e 2019 metus<\/a><\/li>\n<li><a href=\"http:\/\/smz.lt\/wp-content\/uploads\/2022\/01\/Aiskinamasis-rastas-prie-2019-m.-finansiniu-ataskaitu-rinkinio.pdf\">Ai\u0161kinamasis ra\u0161tas prie 2019 m. finansini\u0173 ataskait\u0173 rinkinio<\/a><\/li>\n<li><a href=\"http:\/\/smz.lt\/wp-content\/uploads\/2022\/01\/Finansiniu-ataskaitu-rinkinys-uz-2018-metus.pdf\">Finansini\u0173 ataskait\u0173 rinkinys u\u017e 2018 metus<\/a><\/li>\n<li><a href=\"http:\/\/smz.lt\/wp-content\/uploads\/2022\/01\/Finansiniu-ataskaitu-rinkinys-uz-2017-metus.pdf\">Finansini\u0173 ataskait\u0173 rinkinys u\u017e 2017 metus<\/a><\/li>\n<li><a href=\"http:\/\/smz.lt\/wp-content\/uploads\/2022\/01\/Finansiniu-ataskaitu-rinkinys-uz-2016-metus.pdf\">Finansini\u0173 ataskait\u0173 rinkinys u\u017e 2016 metus<\/a><\/li>\n<\/ul>\n<p>&nbsp;<\/p>\n<p>[Atnaujinta 2025-05-28][\/vc_column_text][\/vc_column][\/vc_row][vc_row row_height_percent=&#8221;0&#8243; overlay_alpha=&#8221;50&#8243; gutter_size=&#8221;3&#8243; column_width_percent=&#8221;100&#8243; shift_y=&#8221;0&#8243; z_index=&#8221;0&#8243; uncode_shortcode_id=&#8221;197622&#8243; row_name=&#8221;ukis&#8221;][vc_column width=&#8221;1\/1&#8243;][vc_custom_heading uncode_shortcode_id=&#8221;240689&#8243;]<\/p>\n<h1>Dogl\u0105d podmiot\u00f3w gospodarczych<\/h1>\n<p>[\/vc_custom_heading][vc_column_text uncode_shortcode_id=&#8221;123496&#8243;][\/vc_column_text][\/vc_column][\/vc_row][vc_row row_height_percent=&#8221;0&#8243; overlay_alpha=&#8221;50&#8243; gutter_size=&#8221;3&#8243; column_width_percent=&#8221;100&#8243; shift_y=&#8221;0&#8243; z_index=&#8221;0&#8243; uncode_shortcode_id=&#8221;335453&#8243; row_name=&#8221;tarnybiniai&#8221;][vc_column width=&#8221;1\/1&#8243;][vc_custom_heading uncode_shortcode_id=&#8221;444120&#8243;]<\/p>\n<h1>S\u0142u\u017cbowe samochody osobowe<\/h1>\n<p>[\/vc_custom_heading][vc_column_text uncode_shortcode_id=&#8221;123496&#8243;][\/vc_column_text][\/vc_column][\/vc_row][vc_row row_height_percent=&#8221;0&#8243; overlay_alpha=&#8221;50&#8243; gutter_size=&#8221;3&#8243; column_width_percent=&#8221;100&#8243; shift_y=&#8221;0&#8243; z_index=&#8221;0&#8243; uncode_shortcode_id=&#8221;185801&#8243; row_name=&#8221;lesos&#8221;][vc_column width=&#8221;1\/1&#8243;][vc_custom_heading uncode_shortcode_id=&#8221;525187&#8243;]<\/p>\n<h1>\u015arodki na dzia\u0142ania promocyjne<\/h1>\n<p>[\/vc_custom_heading][vc_column_text uncode_shortcode_id=&#8221;123496&#8243;][\/vc_column_text][\/vc_column][\/vc_row][vc_row row_height_percent=&#8221;0&#8243; overlay_alpha=&#8221;50&#8243; gutter_size=&#8221;3&#8243; column_width_percent=&#8221;100&#8243; shift_y=&#8221;0&#8243; z_index=&#8221;0&#8243; uncode_shortcode_id=&#8221;155429&#8243; row_name=&#8221;klausimai&#8221;][vc_column width=&#8221;1\/1&#8243;][vc_custom_heading uncode_shortcode_id=&#8221;211378&#8243;]<\/p>\n<h1>Najcz\u0119\u015bciej zadawane pytania<\/h1>\n<p>[\/vc_custom_heading][vc_column_text uncode_shortcode_id=&#8221;123496&#8243;][\/vc_column_text][\/vc_column][\/vc_row][vc_row row_height_percent=&#8221;0&#8243; overlay_alpha=&#8221;50&#8243; gutter_size=&#8221;3&#8243; column_width_percent=&#8221;100&#8243; shift_y=&#8221;0&#8243; z_index=&#8221;0&#8243; uncode_shortcode_id=&#8221;111318&#8243; row_name=&#8221;konsultavimasis&#8221;][vc_column width=&#8221;1\/1&#8243;][vc_custom_heading uncode_shortcode_id=&#8221;176313&#8243;]<\/p>\n<h1>Konsultacje ze spo\u0142ecze\u0144stwem<\/h1>\n<p>[\/vc_custom_heading][vc_column_text uncode_shortcode_id=&#8221;123496&#8243;][\/vc_column_text][\/vc_column][\/vc_row]<\/p>","protected":false},"excerpt":{"rendered":"<p>[vc_row row_height_percent=&#8221;0&#8243; overlay_alpha=&#8221;50&#8243; gutter_size=&#8221;3&#8243; column_width_percent=&#8221;100&#8243; shift_y=&#8221;0&#8243; z_index=&#8221;0&#8243; uncode_shortcode_id=&#8221;176443&#8243; row_name=&#8221;Nuostatai&#8221;][vc_column width=&#8221;1\/1&#8243;][vc_custom_heading uncode_shortcode_id=&#8221;192575&#8243;] Regulaminy [\/vc_custom_heading][vc_column_text uncode_shortcode_id=&#8221;142312&#8243;]Vilniaus r. Suderv\u0117s Mariano Zdziechovskio pagrindin\u0117s mokyklos [&hellip;]<\/p>\n","protected":false},"author":1,"featured_media":0,"parent":0,"menu_order":0,"comment_status":"closed","ping_status":"closed","template":"","meta":[],"_links":{"self":[{"href":"https:\/\/smz.lt\/pl\/wp-json\/wp\/v2\/pages\/289"}],"collection":[{"href":"https:\/\/smz.lt\/pl\/wp-json\/wp\/v2\/pages"}],"about":[{"href":"https:\/\/smz.lt\/pl\/wp-json\/wp\/v2\/types\/page"}],"author":[{"embeddable":true,"href":"https:\/\/smz.lt\/pl\/wp-json\/wp\/v2\/users\/1"}],"replies":[{"embeddable":true,"href":"https:\/\/smz.lt\/pl\/wp-json\/wp\/v2\/comments?post=289"}],"version-history":[{"count":107,"href":"https:\/\/smz.lt\/pl\/wp-json\/wp\/v2\/pages\/289\/revisions"}],"predecessor-version":[{"id":16062,"href":"https:\/\/smz.lt\/pl\/wp-json\/wp\/v2\/pages\/289\/revisions\/16062"}],"wp:attachment":[{"href":"https:\/\/smz.lt\/pl\/wp-json\/wp\/v2\/media?parent=289"}],"curies":[{"name":"wp","href":"https:\/\/api.w.org\/{rel}","templated":true}]}}