{"id":287,"date":"2019-11-18T13:43:08","date_gmt":"2019-11-18T13:43:08","guid":{"rendered":"http:\/\/www2026a.vu.lt\/?page_id=287"},"modified":"2025-10-22T08:58:57","modified_gmt":"2025-10-22T05:58:57","slug":"teisine-informacija","status":"publish","type":"page","link":"https:\/\/smz.lt\/pl\/teisine-informacija\/","title":{"rendered":"Informacja prawna"},"content":{"rendered":"<p>[vc_row row_height_percent=&#8221;0&#8243; overlay_alpha=&#8221;50&#8243; gutter_size=&#8221;3&#8243; column_width_percent=&#8221;100&#8243; shift_y=&#8221;0&#8243; z_index=&#8221;0&#8243; uncode_shortcode_id=&#8221;101665&#8243; row_name=&#8221;aktai&#8221;][vc_column][vc_custom_heading uncode_shortcode_id=&#8221;163905&#8243;]<\/p>\n<h1>Akty prawne<\/h1>\n<p>[\/vc_custom_heading][vc_empty_space empty_h=&#8221;2&#8243;][vc_column_text uncode_shortcode_id=&#8221;154152&#8243;]<\/p>\n<ul>\n<li><a href=\"http:\/\/smz.lt\/wp-content\/uploads\/2022\/01\/Del-pareigybiu-saraso-del-kuriu-teikiamas-prasymas-Specialiuju-tyrimu-tarnybai-tvirtinimo.pdf\">\u012esakymas d\u0117l pareigybi\u0173 s\u0105ra\u0161o, d\u0117l kuri\u0173 teikiamas pra\u0161ymas Speciali\u0173j\u0173 tyrim\u0173 tarnybai, tvirtinimo<\/a><\/li>\n<li><a href=\"http:\/\/smz.lt\/wp-content\/uploads\/2022\/01\/Eikos-kodeksas.pdf\">Etikos kodeksas<\/a><\/li>\n<li><a href=\"https:\/\/smz.lt\/wp-content\/uploads\/2022\/09\/ETIKOS-IR-ANTIKORUPCINIO-ELGESIO-KODEKSAS.pdf\">Etikos ir antikorupcinio elgesio kodeksas<\/a><\/li>\n<li><a href=\"http:\/\/smz.lt\/wp-content\/uploads\/2022\/01\/Elektroninio-dienyno-TAMO-nuostatai.pdf\">Vilniaus r. Suderv\u0117s Mariano Zdziechovskio pagrindin\u0117s mokyklos elektroninio dienyno tvarkymo nuostatai<\/a><\/li>\n<li><a href=\"http:\/\/smz.lt\/wp-content\/uploads\/2022\/01\/Finansu-kontroles-taisykles.pdf\">Finans\u0173 kontrol\u0117s taisykl\u0117s<\/a><\/li>\n<li><a href=\"https:\/\/smz.lt\/wp-content\/uploads\/2023\/11\/VILNIAUS-R.-SUDERVES-MARIANO-ZDZIECHOVSKIO-PAGRINDINES-MOKYKLOS-VAIKU-UGDOMU-PAGAL-IKIMOKYKLINIO-IR-PRIESMOKYKLINIO-UGDYMO-PROGRAMAS-LANKOMUMO-APSKAITOS-IR-NELANKYMO-TVARKOS-APRASAS-1.pdf\">Vilniaus r. Suderv\u0117s Mariano Zdziechovskio pagrindin\u0117s mokyklos vaik\u0173, ugdom\u0173 pagal ikimokyklinio ir prie\u0161mokyklinio ugdymo programas, lankomumo apskaitos ir nalankymo tvarkos apra\u0161as<\/a><\/li>\n<li><a href=\"https:\/\/smz.lt\/wp-content\/uploads\/2023\/11\/VILNIAUS-R.-SUDERVES-MARIANO-ZDZIECHOVSKIO-PAGRINDINES-MOKYKLOS-MOKINIU-LANKOMUMO-APSKAITOS-KONTROLES-IR-MOKYKLOS-NELANKYMO-PREVENCIJOS-TVARKOS-APRASAS-1.pdf\">Vilniaus r. Suderv\u0117s Mariano Zdziechovskio pagrindin\u0117s mokyklos mokini\u0173 lankomumo apskaitos, kontrol\u0117s ir\u00a0 mokyklos nelankymo prevencijos tvarkos apra\u0161as<\/a><\/li>\n<li><a href=\"http:\/\/smz.lt\/wp-content\/uploads\/2022\/01\/Mobingo-aprasas.pdf\">Pie\u0161 smurt\u0105 nukreiptos politikos ir prevencini\u0173 veiksm\u0173 \u012fgyvendinimo priemoni\u0173 apra\u0161as<\/a><\/li>\n<li><a href=\"http:\/\/smz.lt\/wp-content\/uploads\/2022\/01\/Mokyklos-turizmo-renginiu-organizavimo-aprasas.pdf\">Vilniaus r. Suderv\u0117s Mariano Zdziechovskio pagrindin\u0117s mokyklos turizmo rengini\u0173 organizavimo apra\u0161as<\/a><\/li>\n<li><a href=\"http:\/\/smz.lt\/wp-content\/uploads\/2022\/01\/Mokyklos-vidaus-kontroles-politika.pdf\">Vilniaus r. Suderv\u0117s Mariano Zdziechovskio pagrindin\u0117s mokyklos vidaus kontrol\u0117s politika<\/a><\/li>\n<li><a href=\"https:\/\/smz.lt\/wp-content\/uploads\/2025\/10\/MOKINIU-PAZANGOS-IR-PASIEKIMU-VERTINIMO-TVARKOS-APRASAS.pdf\">Vilniaus r. Suderv\u0117s Mariano Zdziechovskio pagrindin\u0117s mokyklos pa\u017eangos ir pasiekim\u0173 vertinimo tvarkos apra\u0161as<\/a><\/li>\n<li><a href=\"https:\/\/smz.lt\/wp-content\/uploads\/2025\/01\/2024-2025-MOKSLO-METU-UGDYMO-PLANAS-2.pdf\">Vilniaus r. Suderv\u0117s Mariano Zdziechovskio pagrindin\u0117s mokyklos 2024-2025 m. m. ugdymo planas<\/a><\/li>\n<li><a href=\"http:\/\/smz.lt\/wp-content\/uploads\/2022\/01\/Vidaus-darbo-tvarkos-taisykles.pdf\">Vilniaus r. Suderv\u0117s Mariano Zdziechovskio pagrindin\u0117s mokyklos vidaus darbo tvarkos taisykl\u0117s<\/a><\/li>\n<li><a href=\"https:\/\/smz.lt\/wp-content\/uploads\/2025\/01\/VILNIAUS-R.-SUDERVES-MARIANO-ZDZIECHOVSKIO-PAGRINDINES-MOKYKLOS-2025-2027-METU-STRATEGINIS-PLANAS-3.docx\">Vilniaus r. suderv\u0117s Mariano Zdziechovskio pagrindin\u0117s mokyklos 2025-2027 met\u0173 strateginis planas<\/a><\/li>\n<li><a href=\"http:\/\/smz.lt\/wp-content\/uploads\/2022\/01\/MOKYKLOS-SKOLU-PRIPAZINIMO-BEVILTISKOMIS-JU-NURASYMO-APSKAITOS-IR-INVENTORIZAVIMO-TVARKOS-APRASAS.pdf\">Mokyklos skol\u0173 pripa\u017einimo bevilti\u0161komis, j\u0173 nura\u0161ymo, apskaitos ir inventorizavimo tvarkos apra\u0161as<\/a><\/li>\n<li><a href=\"https:\/\/smz.lt\/wp-content\/uploads\/2023\/05\/smurto-patyciu-prevencijos-ir-intervencijos-aprasas.docx\">Vilniaus r. Suderv\u0117s Mariano Zdziechovskio pagrindin\u0117s mokyklos Smurto ir patyciu prevencijos ir intervencijos vykdymo tvarkos apra\u0161as<\/a><\/li>\n<li><a href=\"https:\/\/smz.lt\/wp-content\/uploads\/2022\/02\/Nuotolinio-mokymo-organizavimo-tvarkos-aprasas.pdf\">Vilniaus r. Suderv\u0117s M. Zdziechovskio pagrindin\u0117s mokyklos nuotolinio mokymo organizavimo tvarkos apra\u0161as<\/a><\/li>\n<li><a href=\"https:\/\/smz.lt\/wp-content\/uploads\/2022\/09\/Vilniaus-r.-Suderves-Mariano-Zdziechovskio-pagrindines-mokyklos-darbuotoju-darbo-apmokejimo-tvarkos-aprasas.pdf\">Vilniaus r. Suderv\u0117s Mariano Zdziechovskio pagrindin\u0117s mokyklos darbuotoj\u0173 darbo apmok\u0117jimo tvarkos apra\u0161as<\/a><\/li>\n<li><a href=\"https:\/\/smz.lt\/wp-content\/uploads\/2022\/09\/Vilniaus-r.-Suderves-Mariano-Zdziechovskio-pagrindines-mokyklos-aprupinimo-bendrojo-ugdymo-dalyku-vadoveliais-ir-mokymo-priemonemis-tvarkos-aprasas.pdf\">Vilniaus r. Suderv\u0117s Mariano Zdziechovskio pagrindin\u0117s mokyklos apr\u016bpinimo bendrojo ugdymo dalyk\u0173 vadov\u0117liais ir mokymo priemon\u0117mis tvarkos apra\u0161as<\/a><\/li>\n<li><a href=\"https:\/\/smz.lt\/wp-content\/uploads\/2022\/09\/Vilniaus-r.-Suderves-Mariano-Zdziechovskio-pagrindines-mokyklos-socialines-pilietines-veiklos-organizavimo-tvarkos-aprasas-.pdf\">Vilniaus r. Suderv\u0117s Mariano Zdziechovskio pagrindin\u0117s mokyklos socialin\u0117s-pilietin\u0117s veiklos organizavimo tvarkos apra\u0161as<\/a><\/li>\n<li><a href=\"https:\/\/smz.lt\/wp-content\/uploads\/2025\/01\/VILNIAUS-R.-SUDERVES-MARIANO-ZDZIECHOVSKIO-PAGRINDINES-MOKYKLOS-UGDOMOSIOS-STEBESENOS-PROGRAMA.pdf\">Vilniaus r. Suderv\u0117s Mariano Zdziechovskio pagrindin\u0117s mokyklos ugdomosios steb\u0117senos programa<\/a><\/li>\n<li><a href=\"https:\/\/smz.lt\/wp-content\/uploads\/2025\/06\/DEL-VILNIAUS-R.-SUDERVES-MARIANO-ZDZIECHOVSKIO-PAGRINDINES-DOKUMENTU-TVARKYMO-APSKAITOS-IR-VALDYMO-TVARKOS-APRASAS.pdf\">D\u0116L VILNIAUS R. SUDERV\u0116S MARIANO ZDZIECHOVSKIO PAGRINDIN\u0116S DOKUMENT\u0172 TVARKYMO, APSKAITOS IR VALDYMO TVARKOS APRA\u0160AS<\/a><\/li>\n<li><a href=\"https:\/\/smz.lt\/wp-content\/uploads\/2025\/09\/VILNIAUS-R.-SUDERVES-MARIANO-ZDZIECHOVSKIO-PAGRINDINES-MOKYKLOS-MOKINIU-ASMENINIU-MOBILIUJU-TELEFONU-IR-KITU-INFORMACINIU-TECHNOLOGIJU-IRENGINIU-NAUDOJIMO-MOKYKLOJE-TVARKOS-APRASAS.pdf\">VILNIAUS R. SUDERV\u0116S MARIANO ZDZIECHOVSKIO PAGRINDIN\u0116S MOKYKLOS MOKINI\u0172 ASMENINI\u0172 MOBILI\u0172J\u0172 TELEFON\u0172 IR KIT\u0172 INFORMACINI\u0172 TECHNOLOGIJ\u0172 \u012eRENGINI\u0172 NAUDOJIMO MOKYKLOJE TVARKOS APRA\u0160AS<\/a><\/li>\n<li>[Atnaujinta 2025-10-22]<\/li>\n<\/ul>\n<p>[\/vc_column_text][\/vc_column][\/vc_row][vc_row row_height_percent=&#8221;0&#8243; overlay_alpha=&#8221;50&#8243; gutter_size=&#8221;3&#8243; column_width_percent=&#8221;100&#8243; shift_y=&#8221;0&#8243; z_index=&#8221;0&#8243; uncode_shortcode_id=&#8221;180398&#8243; row_name=&#8221;teises projektai&#8221;][vc_column][vc_custom_heading uncode_shortcode_id=&#8221;171123&#8243;]<\/p>\n<h1>Projekty akt\u00f3w prawnych<\/h1>\n<p>[\/vc_custom_heading][vc_empty_space empty_h=&#8221;2&#8243;][vc_column_text uncode_shortcode_id=&#8221;230637&#8243;]Pateiktas 2025-2027 met\u0173 strateginio plano projektas. Su juo susipa\u017einsite paspaud\u0119 nuorod\u0105:\u00a0<a href=\"https:\/\/smz.lt\/wp-content\/uploads\/2024\/11\/VILNIAUS-R.-SUDERVES-MARIANO-ZDZIECHOVSKIO-PAGRINDINES-MOKYKLOS-2025-2027-METU-STRATEGINIO-PLANO-PROJEKTAS.docx\">VILNIAUS R. SUDERV\u0116S MARIANO ZDZIECHOVSKIO PAGRINDIN\u0116S MOKYKLOS 2025-2027 MET\u0172 STRATEGINIO PLANO PROJEKTAS<\/a><\/p>\n<p>Pastabas ir pasi\u016blymus galite teikti el. pa\u0161tu\u00a0<a href=\"mailto:rastine@smz.lt\">rastine@smz.lt<\/a>\u00a0\u00a0iki \u0161. m. gruod\u017eio 1 dienos.[\/vc_column_text][\/vc_column][\/vc_row][vc_row row_height_percent=&#8221;0&#8243; overlay_alpha=&#8221;50&#8243; gutter_size=&#8221;3&#8243; column_width_percent=&#8221;100&#8243; shift_y=&#8221;0&#8243; z_index=&#8221;0&#8243; uncode_shortcode_id=&#8221;711099&#8243; row_name=&#8221;analizes&#8221;][vc_column][vc_custom_heading uncode_shortcode_id=&#8221;145927&#8243;]<\/p>\n<h1>Badania i analizy<\/h1>\n<p>[\/vc_custom_heading][vc_empty_space empty_h=&#8221;2&#8243;][vc_column_text uncode_shortcode_id=&#8221;167264&#8243;]Informacija ruo\u0161iama &#8230;[\/vc_column_text][\/vc_column][\/vc_row][vc_row row_height_percent=&#8221;0&#8243; overlay_alpha=&#8221;50&#8243; gutter_size=&#8221;3&#8243; column_width_percent=&#8221;100&#8243; shift_y=&#8221;0&#8243; z_index=&#8221;0&#8243; uncode_shortcode_id=&#8221;207953&#8243; row_name=&#8221;pazeidimai&#8221;][vc_column][vc_custom_heading uncode_shortcode_id=&#8221;128088&#8243;]<\/p>\n<h1>Naruszenia akt\u00f3w prawnych<\/h1>\n<p>[\/vc_custom_heading][vc_empty_space empty_h=&#8221;2&#8243;][vc_column_text uncode_shortcode_id=&#8221;139945&#8243;]Informacija ruo\u0161iama &#8230;[\/vc_column_text][\/vc_column][\/vc_row][vc_row row_height_percent=&#8221;0&#8243; overlay_alpha=&#8221;50&#8243; gutter_size=&#8221;3&#8243; column_width_percent=&#8221;100&#8243; shift_y=&#8221;0&#8243; z_index=&#8221;0&#8243; uncode_shortcode_id=&#8221;175660&#8243; row_name=&#8221;reguliavimas&#8221;][vc_column][vc_custom_heading uncode_shortcode_id=&#8221;155790&#8243;]<\/p>\n<h1>Monitoring regulacji prawnej<\/h1>\n<p>[\/vc_custom_heading][vc_empty_space empty_h=&#8221;2&#8243;][vc_column_text uncode_shortcode_id=&#8221;160465&#8243;]Informacija ruo\u0161iama &#8230;[\/vc_column_text][\/vc_column][\/vc_row]<\/p>","protected":false},"excerpt":{"rendered":"<p>[vc_row row_height_percent=&#8221;0&#8243; overlay_alpha=&#8221;50&#8243; gutter_size=&#8221;3&#8243; column_width_percent=&#8221;100&#8243; shift_y=&#8221;0&#8243; z_index=&#8221;0&#8243; uncode_shortcode_id=&#8221;101665&#8243; row_name=&#8221;aktai&#8221;][vc_column][vc_custom_heading uncode_shortcode_id=&#8221;163905&#8243;] Akty prawne [\/vc_custom_heading][vc_empty_space empty_h=&#8221;2&#8243;][vc_column_text uncode_shortcode_id=&#8221;154152&#8243;] \u012esakymas d\u0117l pareigybi\u0173 s\u0105ra\u0161o, d\u0117l [&hellip;]<\/p>\n","protected":false},"author":1,"featured_media":0,"parent":0,"menu_order":0,"comment_status":"closed","ping_status":"closed","template":"","meta":[],"_links":{"self":[{"href":"https:\/\/smz.lt\/pl\/wp-json\/wp\/v2\/pages\/287"}],"collection":[{"href":"https:\/\/smz.lt\/pl\/wp-json\/wp\/v2\/pages"}],"about":[{"href":"https:\/\/smz.lt\/pl\/wp-json\/wp\/v2\/types\/page"}],"author":[{"embeddable":true,"href":"https:\/\/smz.lt\/pl\/wp-json\/wp\/v2\/users\/1"}],"replies":[{"embeddable":true,"href":"https:\/\/smz.lt\/pl\/wp-json\/wp\/v2\/comments?post=287"}],"version-history":[{"count":51,"href":"https:\/\/smz.lt\/pl\/wp-json\/wp\/v2\/pages\/287\/revisions"}],"predecessor-version":[{"id":14799,"href":"https:\/\/smz.lt\/pl\/wp-json\/wp\/v2\/pages\/287\/revisions\/14799"}],"wp:attachment":[{"href":"https:\/\/smz.lt\/pl\/wp-json\/wp\/v2\/media?parent=287"}],"curies":[{"name":"wp","href":"https:\/\/api.w.org\/{rel}","templated":true}]}}