{"id":279,"date":"2019-11-18T13:41:45","date_gmt":"2019-11-18T13:41:45","guid":{"rendered":"http:\/\/www2026a.vu.lt\/?page_id=279"},"modified":"2026-02-09T18:01:19","modified_gmt":"2026-02-09T16:01:19","slug":"apie-mokykla","status":"publish","type":"page","link":"https:\/\/smz.lt\/pl\/apie-mokykla\/","title":{"rendered":"O szkole"},"content":{"rendered":"<p>[vc_row row_height_percent=&#8221;0&#8243; override_padding=&#8221;yes&#8221; h_padding=&#8221;2&#8243; top_padding=&#8221;5&#8243; bottom_padding=&#8221;5&#8243; overlay_alpha=&#8221;50&#8243; gutter_size=&#8221;4&#8243; column_width_percent=&#8221;100&#8243; shift_y=&#8221;0&#8243; z_index=&#8221;0&#8243; uncode_shortcode_id=&#8221;170832&#8243; row_name=&#8221;Istorija&#8221;][vc_column column_width_percent=&#8221;100&#8243; gutter_size=&#8221;2&#8243; overlay_alpha=&#8221;50&#8243; shift_x=&#8221;0&#8243; shift_y=&#8221;0&#8243; shift_y_down=&#8221;0&#8243; z_index=&#8221;0&#8243; medium_width=&#8221;0&#8243; mobile_width=&#8221;0&#8243; width=&#8221;1\/1&#8243;][vc_row_inner][vc_column_inner column_width_percent=&#8221;100&#8243; gutter_size=&#8221;2&#8243; overlay_alpha=&#8221;50&#8243; shift_x=&#8221;0&#8243; shift_y=&#8221;0&#8243; shift_y_down=&#8221;0&#8243; z_index=&#8221;0&#8243; medium_width=&#8221;0&#8243; mobile_width=&#8221;0&#8243; width=&#8221;1\/1&#8243;][vc_custom_heading heading_semantic=&#8221;h3&#8243; text_size=&#8221;h1&#8243; uncode_shortcode_id=&#8221;139924&#8243;]Historia[\/vc_custom_heading][vc_empty_space empty_h=&#8221;2&#8243; desktop_visibility=&#8221;yes&#8221;][vc_column_text uncode_shortcode_id=&#8221;714241&#8243;]Pocz\u0105tek edukacji dzieci w Suderwie przypada na rok 1911. Doje\u017cd\u017caj\u0105ca z Wilna nauczycielka Jadwiga \u015awientecka w\u0142a\u015bnie wtedy zacz\u0119\u0142a uczy\u0107 dzieci podstaw etyki i arytmetyki. Nie maj\u0105c sta\u0142ego miejsca zamieszkania, mieszka\u0142a u swoich uczni\u00f3w. Po kilku latach rodzina \u0141ukoszewicz\u00f3w z Widawciskiej wsi odda\u0142a cz\u0119\u015b\u0107 swego domu na za\u0142o\u017cenie szko\u0142y.<img decoding=\"async\" class=\"size-full wp-image-4215 alignright\" src=\"https:\/\/smz.lt\/wp-content\/uploads\/2022\/06\/1.png\" alt=\"\" width=\"277\" height=\"170\" \/><br \/>\nW latach 30-ych szko\u0142a zosta\u0142a przeniesiona do Suderwy, gdzie przez\u00a0 wiele lat nauczycielem by\u0142 J. Klemaszewski, a nast\u0119pnie W. Lebiedzi\u0144ska.<br \/>\nRok 1947 jest dat\u0105 za\u0142o\u017cenia siedmioletniej szko\u0142y w budynku plebanii. Dyrektorem owej szko\u0142y zosta\u0142 Wiktor Matonis. Od 1957 roku szko\u0142a rozlokowa\u0142a si\u0119 w dworku matki Mariana Zdziechowskiego filozofa, profesora i rektora Uniwersytetu Stefana Batorego w Wilnie. Tu mie\u015bci si\u0119 do dzi\u015b. Od 1957 do 1975 roku dyrektorem by\u0142 W\u0142adymir Mielnikow. Od 1975 do 1986 roku\u00a0pe\u0142ni\u0142a\u00a0obowi\u0105zki dyrektora szko\u0142y\u00a0Maria Witruk. Od 1987 do 1998 roku dyrektorem szko\u0142y by\u0142 aktywny, niestrudzony mi\u0142o\u015bnik kultury i historii polskiej Ludwik M\u0142y\u0144ski.<br \/>\n<img decoding=\"async\" class=\"size-full wp-image-4217 alignleft\" src=\"https:\/\/smz.lt\/wp-content\/uploads\/2022\/06\/2.png\" alt=\"\" width=\"300\" height=\"209\" \/> 22 lata szko\u0142\u0105 pomy\u015blnie kierowa\u0142a dyrektor Teresa M\u0142y\u0144ska. Dzi\u0119ki czynnej dzia\u0142alno\u015bci i pomys\u0142owo\u015bci pani dyrektor w latach 2002 &#8211; 2003 powsta\u0142a dobud\u00f3wka. Od stycznia 2004 roku cz\u0119\u015b\u0107 uczni\u00f3w szko\u0142y przenios\u0142a si\u0119 do nowego budynku. Tu rozlokowa\u0142y si\u0119 klasy pocz\u0105tkowe, gabinet informatyki, sala sportowa, sto\u0142\u00f3wka, sanitariaty.<br \/>\n1 wrze\u015bnia 2006 roku decyzj\u0105 Rady samorz\u0105du rejonu wile\u0144skiego plac\u00f3wka o\u015bwiatowa w Suderwi otrzyma\u0142a imi\u0119 Mariana Zdziechowskiego.<br \/>\n2010 roku Szko\u0142\u0119 Podstawow\u0105 w Rostyniamach reorganizowano jako dzia\u0142 szkoly w Suderwie.<br \/>\nOd 23 listopada 2012 roku szko\u0142a posiada sztandar, ufundowany przez Wydzia\u0142 Konsularny Ambasady Rzeczypospolitej Polskiej w Wilnie oraz rodzic\u00f3w i wykonany przez Zak\u0142ad Krawiecki p. Jana \u015awi\u0105tkowskiego we W\u0142oc\u0142awku.<br \/>\n2015 r. z funduszy Stowarzyszenia &#8222;Wsp\u00f3lnota Polska&#8221; i Samorz\u0105du Rejonu Wile\u0144skiego powsta\u0142a dobud\u00f3wka, w kt\u00f3rej rozmie\u015bci\u0142y si\u0119 dwie grupy edukacji wczesnoszkolnej i jedna grupa przedszkolna. Na terytorium szko\u0142y urz\u0105dzone nowe boisko sportowe, plac zabaw dla najm\u0142odszych, trena\u017cery gimnastyczne, odnowiono fasad\u0119 szko\u0142y, altank\u0119. Ca\u0142e terytorium zosta\u0142o ogrodzone.<br \/>\nOd 2021 roku tymczasowo pe\u0142ni obowi\u0105zki dyrektora szko\u0142y pani Renata Starenkien\u0117.<\/p>\n<p>Od 15 grudnia 2021 r. szko\u0142\u0105 kieruje Renata Starenkien\u0117.<\/p>\n<p><img decoding=\"async\" class=\"alignnone size-full wp-image-4227\" src=\"https:\/\/smz.lt\/wp-content\/uploads\/2022\/06\/3.png\" alt=\"\" width=\"237\" height=\"158\" \/><img decoding=\"async\" class=\"alignnone size-full wp-image-4225\" src=\"https:\/\/smz.lt\/wp-content\/uploads\/2022\/06\/5.png\" alt=\"\" width=\"237\" height=\"176\" \/><img decoding=\"async\" class=\"alignnone size-full wp-image-4226\" src=\"https:\/\/smz.lt\/wp-content\/uploads\/2022\/06\/4.png\" alt=\"\" width=\"237\" height=\"176\" \/><img decoding=\"async\" class=\"alignnone size-full wp-image-4220\" src=\"https:\/\/smz.lt\/wp-content\/uploads\/2022\/06\/10.png\" alt=\"\" width=\"237\" height=\"176\" \/><img decoding=\"async\" class=\"alignnone size-full wp-image-4223\" src=\"https:\/\/smz.lt\/wp-content\/uploads\/2022\/06\/7.png\" alt=\"\" width=\"237\" height=\"176\" \/><img decoding=\"async\" class=\"alignnone size-full wp-image-4224\" src=\"https:\/\/smz.lt\/wp-content\/uploads\/2022\/06\/6.png\" alt=\"\" width=\"237\" height=\"176\" \/><img decoding=\"async\" class=\"alignnone size-full wp-image-4222\" src=\"https:\/\/smz.lt\/wp-content\/uploads\/2022\/06\/8.png\" alt=\"\" width=\"237\" height=\"176\" \/><img decoding=\"async\" class=\"alignnone size-full wp-image-4221\" src=\"https:\/\/smz.lt\/wp-content\/uploads\/2022\/06\/9.png\" alt=\"\" width=\"237\" height=\"176\" \/><img decoding=\"async\" class=\"alignnone size-full wp-image-4219\" src=\"https:\/\/smz.lt\/wp-content\/uploads\/2022\/06\/12.png\" alt=\"\" width=\"237\" height=\"176\" \/><img decoding=\"async\" class=\"alignnone size-full wp-image-4218\" src=\"https:\/\/smz.lt\/wp-content\/uploads\/2022\/06\/13.png\" alt=\"\" width=\"237\" height=\"176\" \/>[\/vc_column_text][\/vc_column_inner][\/vc_row_inner][\/vc_column][\/vc_row][vc_row row_height_percent=&#8221;0&#8243; override_padding=&#8221;yes&#8221; h_padding=&#8221;2&#8243; top_padding=&#8221;5&#8243; bottom_padding=&#8221;5&#8243; overlay_alpha=&#8221;50&#8243; gutter_size=&#8221;4&#8243; column_width_percent=&#8221;100&#8243; shift_y=&#8221;0&#8243; z_index=&#8221;0&#8243; uncode_shortcode_id=&#8221;154970&#8243; row_name=&#8221;vizija&#8221;][vc_column column_width_percent=&#8221;100&#8243; gutter_size=&#8221;2&#8243; overlay_alpha=&#8221;50&#8243; shift_x=&#8221;0&#8243; shift_y=&#8221;0&#8243; shift_y_down=&#8221;0&#8243; z_index=&#8221;0&#8243; medium_width=&#8221;0&#8243; mobile_width=&#8221;0&#8243; width=&#8221;1\/1&#8243;][vc_row_inner][vc_column_inner column_width_percent=&#8221;100&#8243; gutter_size=&#8221;2&#8243; overlay_alpha=&#8221;50&#8243; shift_x=&#8221;0&#8243; shift_y=&#8221;0&#8243; shift_y_down=&#8221;0&#8243; z_index=&#8221;0&#8243; medium_width=&#8221;0&#8243; mobile_width=&#8221;0&#8243; width=&#8221;1\/1&#8243;][vc_custom_heading heading_semantic=&#8221;h3&#8243; text_size=&#8221;h1&#8243; uncode_shortcode_id=&#8221;153101&#8243;]<\/p>\n<h1>Wizja<\/h1>\n<p>[\/vc_custom_heading][vc_empty_space empty_h=&#8221;2&#8243; desktop_visibility=&#8221;yes&#8221;][vc_column_text uncode_shortcode_id=&#8221;210052&#8243;]Nowoczesna, atrakcyjna, otwarta na zmiany spo\u0142eczno\u015b\u0107, kt\u00f3ra d\u0105\u017cy i potrafi si\u0119 doskonali\u0107.<\/p>\n<p><strong>MISJA<\/strong><\/p>\n<p>Suderwska Szko\u0142a Podstawowa im. M. Zdziechowskiego w rejonie wile\u0144skim \u2013 to otwarta na r\u00f3\u017cne zmiany i nowo\u015bci szko\u0142a. \u00a0Maj\u0105ca na celu wychowanie \u015bwiadomego, kreatywnego obywatela. Osob\u0119 szanuj\u0105c\u0105 tradycje swojego narodu i pa\u0144stwa, szanuj\u0105c\u0105 siebie i innych. Szko\u0142a pomaga uczniom rozwija\u0107 cechy w r\u00f3\u017cnych obszarach \u017cycia, z kt\u00f3rych najwa\u017cniejsze to wykszta\u0142cenie, rozwijanie osobowo\u015bci oraz otwarcie na \u015bwiat. D\u0105\u017cymy do tego, by nasi uczniowie z \u0142atwo\u015bci\u0105 integrowali si\u0119 we wsp\u00f3\u0142czesnym, ci\u0105gle zmieniaj\u0105cym \u015bwiecie.<\/p>\n<p><strong> FILOZOFIA<\/strong><\/p>\n<p>,,Szko\u0142a nie musi by\u0107 przygotowaniem do \u017cycia. Szko\u0142a musi by\u0107 \u017cyciem\u201d<\/p>\n<p style=\"text-align: right;\"><em>Elbert Hubbard<\/em><\/p>\n<p><strong><em>\u00a0<\/em><\/strong>[\/vc_column_text][\/vc_column_inner][\/vc_row_inner][\/vc_column][\/vc_row][vc_row row_height_percent=&#8221;0&#8243; override_padding=&#8221;yes&#8221; h_padding=&#8221;2&#8243; top_padding=&#8221;5&#8243; bottom_padding=&#8221;5&#8243; overlay_alpha=&#8221;50&#8243; gutter_size=&#8221;4&#8243; column_width_percent=&#8221;100&#8243; shift_y=&#8221;0&#8243; z_index=&#8221;0&#8243; uncode_shortcode_id=&#8221;546222&#8243; row_name=&#8221;isivertinimas&#8221;][vc_column column_width_percent=&#8221;100&#8243; gutter_size=&#8221;2&#8243; overlay_alpha=&#8221;50&#8243; shift_x=&#8221;0&#8243; shift_y=&#8221;0&#8243; shift_y_down=&#8221;0&#8243; z_index=&#8221;0&#8243; medium_width=&#8221;0&#8243; mobile_width=&#8221;0&#8243; width=&#8221;1\/1&#8243;][vc_row_inner][vc_column_inner column_width_percent=&#8221;100&#8243; gutter_size=&#8221;2&#8243; overlay_alpha=&#8221;50&#8243; shift_x=&#8221;0&#8243; shift_y=&#8221;0&#8243; shift_y_down=&#8221;0&#8243; z_index=&#8221;0&#8243; medium_width=&#8221;0&#8243; mobile_width=&#8221;0&#8243; width=&#8221;1\/1&#8243;][vc_custom_heading heading_semantic=&#8221;h3&#8243; text_size=&#8221;h1&#8243; uncode_shortcode_id=&#8221;123374&#8243;]<\/p>\n<h1>Samoocena szko\u0142y<\/h1>\n<p>[\/vc_custom_heading][vc_empty_space empty_h=&#8221;2&#8243; desktop_visibility=&#8221;yes&#8221;][vc_column_text uncode_shortcode_id=&#8221;214363&#8243;][\/vc_column_text][\/vc_column_inner][\/vc_row_inner][\/vc_column][\/vc_row][vc_row row_height_percent=&#8221;0&#8243; override_padding=&#8221;yes&#8221; h_padding=&#8221;2&#8243; top_padding=&#8221;5&#8243; bottom_padding=&#8221;5&#8243; overlay_alpha=&#8221;50&#8243; gutter_size=&#8221;4&#8243; column_width_percent=&#8221;100&#8243; shift_y=&#8221;0&#8243; z_index=&#8221;0&#8243; uncode_shortcode_id=&#8221;317361&#8243; row_name=&#8221;priemimas&#8221;][vc_column column_width_percent=&#8221;100&#8243; gutter_size=&#8221;2&#8243; overlay_alpha=&#8221;50&#8243; shift_x=&#8221;0&#8243; shift_y=&#8221;0&#8243; shift_y_down=&#8221;0&#8243; z_index=&#8221;0&#8243; medium_width=&#8221;0&#8243; mobile_width=&#8221;0&#8243; width=&#8221;1\/1&#8243;][vc_row_inner][vc_column_inner column_width_percent=&#8221;100&#8243; gutter_size=&#8221;2&#8243; overlay_alpha=&#8221;50&#8243; shift_x=&#8221;0&#8243; shift_y=&#8221;0&#8243; shift_y_down=&#8221;0&#8243; z_index=&#8221;0&#8243; medium_width=&#8221;0&#8243; mobile_width=&#8221;0&#8243; width=&#8221;1\/1&#8243;][vc_custom_heading heading_semantic=&#8221;h3&#8243; text_size=&#8221;h1&#8243; uncode_shortcode_id=&#8221;328961&#8243;]<\/p>\n<h1>Przyj\u0119cie dzieci<\/h1>\n<p>[\/vc_custom_heading][vc_empty_space empty_h=&#8221;2&#8243; desktop_visibility=&#8221;yes&#8221;][vc_column_text uncode_shortcode_id=&#8221;148582&#8243;]<a href=\"https:\/\/smz.lt\/wp-content\/uploads\/2025\/07\/MOKINIU-PRIEMIMO-I-VILNIAUS-SUDERVES-MARIANO-ZDZIECHOVSKIO-PAGRINDINES-MOKYKLA-TVARKOS-APRASAS-1.pdf\">MOKINI\u0172 PRI\u0116MIMO \u012e MOKYKL\u0104 TVARKOS APRA\u0160AS<\/a>[\/vc_column_text][\/vc_column_inner][\/vc_row_inner][\/vc_column][\/vc_row][vc_row row_height_percent=&#8221;0&#8243; override_padding=&#8221;yes&#8221; h_padding=&#8221;2&#8243; top_padding=&#8221;5&#8243; bottom_padding=&#8221;5&#8243; overlay_alpha=&#8221;50&#8243; gutter_size=&#8221;4&#8243; column_width_percent=&#8221;100&#8243; shift_y=&#8221;0&#8243; z_index=&#8221;0&#8243; uncode_shortcode_id=&#8221;100726&#8243; row_name=&#8221;darbas&#8221;][vc_column column_width_percent=&#8221;100&#8243; gutter_size=&#8221;2&#8243; overlay_alpha=&#8221;50&#8243; shift_x=&#8221;0&#8243; shift_y=&#8221;0&#8243; shift_y_down=&#8221;0&#8243; z_index=&#8221;0&#8243; medium_width=&#8221;0&#8243; mobile_width=&#8221;0&#8243; width=&#8221;1\/1&#8243;][vc_row_inner][vc_column_inner column_width_percent=&#8221;100&#8243; gutter_size=&#8221;2&#8243; overlay_alpha=&#8221;50&#8243; shift_x=&#8221;0&#8243; shift_y=&#8221;0&#8243; shift_y_down=&#8221;0&#8243; z_index=&#8221;0&#8243; medium_width=&#8221;0&#8243; mobile_width=&#8221;0&#8243; width=&#8221;1\/1&#8243;][vc_custom_heading heading_semantic=&#8221;h3&#8243; text_size=&#8221;h1&#8243; uncode_shortcode_id=&#8221;252716&#8243;]<\/p>\n<h1>Oferty pracy<\/h1>\n<p>[\/vc_custom_heading][vc_empty_space empty_h=&#8221;2&#8243; desktop_visibility=&#8221;yes&#8221;][vc_column_text uncode_shortcode_id=&#8221;210493&#8243;]Szko\u0142a zatrudni:<\/p>\n<div class=\"wp-block-image\">\n<div class=\"wp-block-image\"><img decoding=\"async\" class=\"wpa-warning wpa-image-missing-alt alignnone wp-image-13693 size-large\" src=\"https:\/\/smz.lt\/wp-content\/uploads\/2025\/05\/Purple-Modern-Job-Hiring-and-Job-Vacancy-Instagram-Post-1-1024x1024.jpg\" alt=\"\" width=\"840\" height=\"840\" data-warning=\"Missing alt text\" srcset=\"https:\/\/smz.lt\/wp-content\/uploads\/2025\/05\/Purple-Modern-Job-Hiring-and-Job-Vacancy-Instagram-Post-1-1024x1024.jpg 1024w, https:\/\/smz.lt\/wp-content\/uploads\/2025\/05\/Purple-Modern-Job-Hiring-and-Job-Vacancy-Instagram-Post-1-300x300.jpg 300w, https:\/\/smz.lt\/wp-content\/uploads\/2025\/05\/Purple-Modern-Job-Hiring-and-Job-Vacancy-Instagram-Post-1-150x150.jpg 150w, https:\/\/smz.lt\/wp-content\/uploads\/2025\/05\/Purple-Modern-Job-Hiring-and-Job-Vacancy-Instagram-Post-1-768x768.jpg 768w, https:\/\/smz.lt\/wp-content\/uploads\/2025\/05\/Purple-Modern-Job-Hiring-and-Job-Vacancy-Instagram-Post-1-uai-258x258.jpg 258w, https:\/\/smz.lt\/wp-content\/uploads\/2025\/05\/Purple-Modern-Job-Hiring-and-Job-Vacancy-Instagram-Post-1-uai-720x720.jpg 720w, https:\/\/smz.lt\/wp-content\/uploads\/2025\/05\/Purple-Modern-Job-Hiring-and-Job-Vacancy-Instagram-Post-1-uai-1032x1032.jpg 1032w, https:\/\/smz.lt\/wp-content\/uploads\/2025\/05\/Purple-Modern-Job-Hiring-and-Job-Vacancy-Instagram-Post-1-uai-516x516.jpg 516w, https:\/\/smz.lt\/wp-content\/uploads\/2025\/05\/Purple-Modern-Job-Hiring-and-Job-Vacancy-Instagram-Post-1.jpg 1080w\" sizes=\"(max-width: 840px) 100vw, 840px\" \/><\/div>\n<p><img decoding=\"async\" class=\"wpa-warning wpa-image-missing-alt alignnone wp-image-11057 size-full\" src=\"https:\/\/smz.lt\/wp-content\/uploads\/2024\/08\/Messenger_creation_36493146-5932-454b-87b7-cc36ead3e429.jpeg\" alt=\"\" width=\"940\" height=\"788\" data-warning=\"Missing alt text\" srcset=\"https:\/\/smz.lt\/wp-content\/uploads\/2024\/08\/Messenger_creation_36493146-5932-454b-87b7-cc36ead3e429.jpeg 940w, https:\/\/smz.lt\/wp-content\/uploads\/2024\/08\/Messenger_creation_36493146-5932-454b-87b7-cc36ead3e429-300x251.jpeg 300w, https:\/\/smz.lt\/wp-content\/uploads\/2024\/08\/Messenger_creation_36493146-5932-454b-87b7-cc36ead3e429-768x644.jpeg 768w, https:\/\/smz.lt\/wp-content\/uploads\/2024\/08\/Messenger_creation_36493146-5932-454b-87b7-cc36ead3e429-uai-258x216.jpeg 258w, https:\/\/smz.lt\/wp-content\/uploads\/2024\/08\/Messenger_creation_36493146-5932-454b-87b7-cc36ead3e429-uai-720x604.jpeg 720w, https:\/\/smz.lt\/wp-content\/uploads\/2024\/08\/Messenger_creation_36493146-5932-454b-87b7-cc36ead3e429-uai-516x433.jpeg 516w\" sizes=\"(max-width: 940px) 100vw, 940px\" \/><\/p>\n<\/div>\n<p>CV s\u0142a\u0107 na adres:<strong>\u00a0rastine@smz.lt<\/strong><\/p>\n<p><strong>Telefon:<\/strong> (0 5) 249 0237<\/p>\n<ul>\n<li><a href=\"https:\/\/smz.lt\/wp-content\/uploads\/2023\/01\/Konkursu-pareigoms-itrauktoms-i-konkursiniu-pareigu-sarasa-organizavimo-tvarkos-aprasas-1.pdf\">Konkurs\u0173 pareigoms, \u012ftrauktoms \u012f konkursini\u0173 pareig\u0173 s\u0105ra\u0161\u0105, organizavimo tvarkos apra\u0161as<\/a><\/li>\n<\/ul>\n<p>[Atnaujinta 2025-05-05][\/vc_column_text][\/vc_column_inner][\/vc_row_inner][\/vc_column][\/vc_row]<\/p>","protected":false},"excerpt":{"rendered":"<p>[vc_row row_height_percent=&#8221;0&#8243; override_padding=&#8221;yes&#8221; h_padding=&#8221;2&#8243; top_padding=&#8221;5&#8243; bottom_padding=&#8221;5&#8243; overlay_alpha=&#8221;50&#8243; gutter_size=&#8221;4&#8243; column_width_percent=&#8221;100&#8243; shift_y=&#8221;0&#8243; z_index=&#8221;0&#8243; uncode_shortcode_id=&#8221;170832&#8243; row_name=&#8221;Istorija&#8221;][vc_column column_width_percent=&#8221;100&#8243; gutter_size=&#8221;2&#8243; overlay_alpha=&#8221;50&#8243; shift_x=&#8221;0&#8243; shift_y=&#8221;0&#8243; shift_y_down=&#8221;0&#8243; z_index=&#8221;0&#8243; [&hellip;]<\/p>\n","protected":false},"author":1,"featured_media":0,"parent":0,"menu_order":0,"comment_status":"closed","ping_status":"closed","template":"","meta":[],"_links":{"self":[{"href":"https:\/\/smz.lt\/pl\/wp-json\/wp\/v2\/pages\/279"}],"collection":[{"href":"https:\/\/smz.lt\/pl\/wp-json\/wp\/v2\/pages"}],"about":[{"href":"https:\/\/smz.lt\/pl\/wp-json\/wp\/v2\/types\/page"}],"author":[{"embeddable":true,"href":"https:\/\/smz.lt\/pl\/wp-json\/wp\/v2\/users\/1"}],"replies":[{"embeddable":true,"href":"https:\/\/smz.lt\/pl\/wp-json\/wp\/v2\/comments?post=279"}],"version-history":[{"count":60,"href":"https:\/\/smz.lt\/pl\/wp-json\/wp\/v2\/pages\/279\/revisions"}],"predecessor-version":[{"id":15541,"href":"https:\/\/smz.lt\/pl\/wp-json\/wp\/v2\/pages\/279\/revisions\/15541"}],"wp:attachment":[{"href":"https:\/\/smz.lt\/pl\/wp-json\/wp\/v2\/media?parent=279"}],"curies":[{"name":"wp","href":"https:\/\/api.w.org\/{rel}","templated":true}]}}