{"id":243,"date":"2019-11-06T11:16:14","date_gmt":"2019-11-06T11:16:14","guid":{"rendered":"http:\/\/www2026a.vu.lt\/?page_id=243"},"modified":"2022-09-29T19:00:14","modified_gmt":"2022-09-29T16:00:14","slug":"pradzia","status":"publish","type":"page","link":"https:\/\/smz.lt\/pl\/","title":{"rendered":"Pocz\u0105tek"},"content":{"rendered":"<p>[vc_row unlock_row_content=&#8221;yes&#8221; row_height_percent=&#8221;100&#8243; back_color=&#8221;color-xsdn&#8221; back_image=&#8221;630&#8243; overlay_color=&#8221;color-xsdn&#8221; overlay_alpha=&#8221;50&#8243; gutter_size=&#8221;3&#8243; column_width_percent=&#8221;100&#8243; shift_y=&#8221;0&#8243; z_index=&#8221;0&#8243; row_name=&#8221;Hello&#8221; uncode_shortcode_id=&#8221;983437&#8243; back_color_type=&#8221;uncode-palette&#8221; overlay_color_type=&#8221;uncode-palette&#8221;][vc_column column_width_percent=&#8221;100&#8243; position_vertical=&#8221;bottom&#8221; gutter_size=&#8221;3&#8243; overlay_alpha=&#8221;50&#8243; shift_x=&#8221;0&#8243; shift_y=&#8221;0&#8243; shift_y_down=&#8221;0&#8243; z_index=&#8221;0&#8243; medium_width=&#8221;4&#8243; mobile_width=&#8221;0&#8243; css_animation=&#8221;bottom-t-top&#8221; animation_speed=&#8221;1000&#8243; animation_delay=&#8221;200&#8243; width=&#8221;1\/1&#8243; uncode_shortcode_id=&#8221;577207&#8243;][vc_row_inner][vc_column_inner column_width_use_pixel=&#8221;yes&#8221; gutter_size=&#8221;3&#8243; overlay_alpha=&#8221;50&#8243; shift_x=&#8221;0&#8243; shift_y=&#8221;0&#8243; shift_y_down=&#8221;0&#8243; z_index=&#8221;0&#8243; medium_width=&#8221;4&#8243; mobile_width=&#8221;0&#8243; css_animation=&#8221;bottom-t-top&#8221; width=&#8221;1\/2&#8243; uncode_shortcode_id=&#8221;895391&#8243; column_width_pixel=&#8221;750&#8243;][vc_custom_heading heading_semantic=&#8221;h6&#8243; text_size=&#8221;h6&#8243; text_transform=&#8221;uppercase&#8221; css_animation=&#8221;bottom-t-top&#8221; animation_speed=&#8221;1000&#8243; uncode_shortcode_id=&#8221;654650&#8243;]<\/p>\n<p>&nbsp;<\/p>\n<p>Od 1911[\/vc_custom_heading][vc_custom_heading text_color=&#8221;accent&#8221; heading_semantic=&#8221;h3&#8243; text_size=&#8221;h1&#8243; text_transform=&#8221;uppercase&#8221; css_animation=&#8221;bottom-t-top&#8221; animation_speed=&#8221;800&#8243; uncode_shortcode_id=&#8221;448849&#8243; text_color_type=&#8221;uncode-palette&#8221;]Szko\u0142a, pracuj\u0105ca efektywnymi metodami nauczania[\/vc_custom_heading][vc_column_text text_lead=&#8221;yes&#8221; css_animation=&#8221;bottom-t-top&#8221; animation_speed=&#8221;600&#8243; uncode_shortcode_id=&#8221;172793&#8243;]Szko\u0142a z wyobra\u017ani\u0105! Otwarta, przyjazna dla ucznia, nowoczesna, szko\u0142a polska imienia Mariana Zdziechowskiego w Suderwie, gdzie wiedz\u0119 zdobywamy nie tylko na lekcjach! M\u0105dro\u015b\u0107 \u017cyciow\u0105 przekazuj\u0105 nam m\u0142odzi, ambitni, odwa\u017cni i nale\u017cycie wykszta\u0142ceni nauczyciele. Wsp\u00f3lnie uczestniczymy w wielu olimpiadach, konkursach, zawodach sportowych i zwyci\u0119\u017camy![\/vc_column_text][vc_single_image media=&#8221;4479&#8243; media_width_use_pixel=&#8221;yes&#8221; uncode_shortcode_id=&#8221;174543&#8243; media_width_pixel=&#8221;256&#8243;][\/vc_column_inner][vc_column_inner column_width_use_pixel=&#8221;yes&#8221; align_horizontal=&#8221;align_right&#8221; gutter_size=&#8221;3&#8243; overlay_alpha=&#8221;50&#8243; shift_x=&#8221;0&#8243; shift_y=&#8221;0&#8243; shift_y_down=&#8221;0&#8243; z_index=&#8221;0&#8243; medium_width=&#8221;4&#8243; mobile_visibility=&#8221;yes&#8221; mobile_width=&#8221;0&#8243; width=&#8221;1\/2&#8243; uncode_shortcode_id=&#8221;119096&#8243; column_width_pixel=&#8221;750&#8243;][uncode_vertical_text fixed=&#8221;yes&#8221; position=&#8221;right&#8221; vertical_text_h_pos=&#8221;-1&#8243; uncode_shortcode_id=&#8221;167380&#8243;]<strong><a href=\"mailto:rastine@smz.lt\">rastine@<span style=\"font-family: Arial, sans-serif;\">smz.lt<\/span><\/a>\u00a0 <a href=\"tel:852490237\">(8 5) 249 02 37<\/a><\/strong><br \/>\n[\/uncode_vertical_text][vc_raw_html]JTNDaW1nJTIwY2xhc3MlM0QlMjJpbWFnZTMwMiUyMGFsaWdubm9uZSUyMiUyMHNyYyUzRCUyMmh0dHAlM0ElMkYlMkZzbXoubHQlMkZ3cC1jb250ZW50JTJGdXBsb2FkcyUyRjIwMjElMkYwOCUyRlVnZHl0aS16bW9ndS1qYXVjaWFudGktcGlsaWV0aW5pby1zYW1vbmluZ3Vtby1wb3JlaWtpLnN2ZyUyMiUyMCUyRiUzRQ==[\/vc_raw_html][\/vc_column_inner][\/vc_row_inner][vc_column_text css_animation=&#8221;bottom-t-top&#8221; uncode_shortcode_id=&#8221;592805&#8243;]<\/p>\n<div class=\"marquee\">\n<h1 class=\"track\"><span style=\"color: #00b2ab; font-family: Montserrat; font-size: 18vh;\">SZKO\u0141A PODSTAWOWA IM. MARIANA ZDZIECHOWSKIEGO W REJONIE WILE\u0143SKIM\u00a0\u00a0<\/span><\/h1>\n<\/div>\n<p>[\/vc_column_text][vc_row_inner row_inner_height_percent=&#8221;40&#8243; overlay_alpha=&#8221;50&#8243; gutter_size=&#8221;3&#8243; shift_y=&#8221;0&#8243; z_index=&#8221;0&#8243; uncode_shortcode_id=&#8221;174131&#8243;][vc_column_inner column_width_use_pixel=&#8221;yes&#8221; position_vertical=&#8221;bottom&#8221; gutter_size=&#8221;3&#8243; overlay_alpha=&#8221;50&#8243; shift_x=&#8221;0&#8243; shift_y=&#8221;0&#8243; shift_y_down=&#8221;0&#8243; z_index=&#8221;0&#8243; medium_width=&#8221;4&#8243; mobile_width=&#8221;0&#8243; width=&#8221;1\/2&#8243; uncode_shortcode_id=&#8221;564040&#8243; column_width_pixel=&#8221;750&#8243;][vc_icon position=&#8221;left&#8221; icon=&#8221;fa fa-arrow-down2&#8243; icon_color=&#8221;color-vyce&#8221; background_style=&#8221;fa-rounded&#8221; outline=&#8221;yes&#8221; icon_automatic=&#8221;yes&#8221; heading_semantic=&#8221;p&#8221; text_size=&#8221;h6&#8243; text_weight=&#8221;800&#8243; link=&#8221;url:%23news&#8221; uncode_shortcode_id=&#8221;361666&#8243; icon_color_type=&#8221;uncode-palette&#8221;][\/vc_icon][\/vc_column_inner][vc_column_inner column_width_percent=&#8221;100&#8243; gutter_size=&#8221;3&#8243; overlay_alpha=&#8221;50&#8243; shift_x=&#8221;0&#8243; shift_y=&#8221;0&#8243; shift_y_down=&#8221;0&#8243; z_index=&#8221;0&#8243; medium_width=&#8221;4&#8243; mobile_visibility=&#8221;yes&#8221; mobile_width=&#8221;0&#8243; width=&#8221;1\/2&#8243;][\/vc_column_inner][\/vc_row_inner][\/vc_column][\/vc_row][vc_row row_height_percent=&#8221;0&#8243; override_padding=&#8221;yes&#8221; h_padding=&#8221;3&#8243; top_padding=&#8221;5&#8243; bottom_padding=&#8221;5&#8243; overlay_alpha=&#8221;50&#8243; gutter_size=&#8221;3&#8243; column_width_percent=&#8221;100&#8243; shift_y=&#8221;0&#8243; z_index=&#8221;0&#8243; bottom_divider=&#8221;step&#8221; row_name=&#8221;news&#8221; uncode_shortcode_id=&#8221;152518&#8243;][vc_column column_width_percent=&#8221;100&#8243; position_vertical=&#8221;middle&#8221; gutter_size=&#8221;4&#8243; overlay_alpha=&#8221;50&#8243; shift_x=&#8221;0&#8243; shift_y=&#8221;0&#8243; shift_y_down=&#8221;0&#8243; z_index=&#8221;0&#8243; medium_width=&#8221;0&#8243; mobile_width=&#8221;0&#8243; width=&#8221;1\/1&#8243;][vc_row_inner row_inner_height_percent=&#8221;0&#8243; overlay_alpha=&#8221;50&#8243; gutter_size=&#8221;4&#8243; shift_y=&#8221;0&#8243; z_index=&#8221;0&#8243;][vc_column_inner column_width_percent=&#8221;100&#8243; align_horizontal=&#8221;align_center&#8221; gutter_size=&#8221;3&#8243; overlay_alpha=&#8221;50&#8243; shift_x=&#8221;0&#8243; shift_y=&#8221;0&#8243; shift_y_down=&#8221;0&#8243; z_index=&#8221;0&#8243; medium_width=&#8221;0&#8243; mobile_width=&#8221;0&#8243; width=&#8221;1\/1&#8243;][vc_custom_heading text_color=&#8221;accent&#8221; heading_semantic=&#8221;h3&#8243; text_size=&#8221;h1&#8243; text_transform=&#8221;uppercase&#8221; uncode_shortcode_id=&#8221;114938&#8243; text_color_type=&#8221;uncode-palette&#8221;]Nowo\u015bci[\/vc_custom_heading][\/vc_column_inner][\/vc_row_inner][uncode_index el_id=&#8221;index-183931&#8243; index_type=&#8221;carousel&#8221; loop=&#8221;size:9|order_by:date|post_type:post&#8221; carousel_lg=&#8221;3&#8243; carousel_md=&#8221;3&#8243; carousel_sm=&#8221;1&#8243; thumb_size=&#8221;one-one&#8221; gutter_size=&#8221;4&#8243; post_items=&#8221;media|featured|onpost|poster,title,text|excerpt|90&#8243; portfolio_items=&#8221;media|featured|onpost|poster,title,text|excerpt|60,icon|sm&#8221; carousel_interval=&#8221;0&#8243; carousel_navspeed=&#8221;400&#8243; carousel_loop=&#8221;yes&#8221; carousel_overflow=&#8221;yes&#8221; carousel_dots=&#8221;yes&#8221; carousel_dots_space=&#8221;yes&#8221; carousel_dots_mobile=&#8221;yes&#8221; carousel_half_opacity=&#8221;yes&#8221; carousel_pointer_events=&#8221;yes&#8221; stage_padding=&#8221;0&#8243; single_overlay_color=&#8221;color-jevc&#8221; single_overlay_opacity=&#8221;50&#8243; single_h_align_mobile=&#8221;center&#8221; single_padding=&#8221;2&#8243; single_title_dimension=&#8221;h4&#8243; single_border=&#8221;yes&#8221; single_css_animation=&#8221;bottom-t-top&#8221; single_animation_delay=&#8221;200&#8243; single_animation_first=&#8221;yes&#8221; single_icon=&#8221;fa fa-plus2&#8243;][\/vc_column][\/vc_row][vc_row row_height_percent=&#8221;0&#8243; override_padding=&#8221;yes&#8221; h_padding=&#8221;2&#8243; top_padding=&#8221;5&#8243; bottom_padding=&#8221;5&#8243; back_color=&#8221;color-gyho&#8221; back_image=&#8221;696&#8243; parallax=&#8221;yes&#8221; overlay_color=&#8221;color-lxmt&#8221; overlay_alpha=&#8221;50&#8243; gutter_size=&#8221;3&#8243; column_width_percent=&#8221;100&#8243; border_color=&#8221;color-210407&#8243; border_style=&#8221;solid&#8221; shift_y=&#8221;0&#8243; z_index=&#8221;0&#8243; uncode_shortcode_id=&#8221;271038&#8243; back_color_type=&#8221;uncode-palette&#8221; overlay_color_type=&#8221;uncode-palette&#8221; row_name=&#8221;istorija&#8221; css=&#8221;.vc_custom_1630340625630{border-top-width: 2px !important;border-bottom-width: 2px !important;}&#8221; border_color_type=&#8221;uncode-palette&#8221;][vc_column column_width_use_pixel=&#8221;yes&#8221; gutter_size=&#8221;3&#8243; override_padding=&#8221;yes&#8221; column_padding=&#8221;3&#8243; back_color=&#8221;color-xsdn&#8221; overlay_alpha=&#8221;50&#8243; shift_x=&#8221;0&#8243; shift_y=&#8221;0&#8243; shift_y_down=&#8221;0&#8243; z_index=&#8221;0&#8243; medium_width=&#8221;0&#8243; mobile_width=&#8221;0&#8243; css_animation=&#8221;bottom-t-top&#8221; animation_speed=&#8221;600&#8243; radius=&#8221;std&#8221; width=&#8221;1\/1&#8243; column_width_pixel=&#8221;750&#8243; uncode_shortcode_id=&#8221;217902&#8243; back_color_type=&#8221;uncode-palette&#8221;][vc_row_inner][vc_column_inner column_width_percent=&#8221;100&#8243; align_horizontal=&#8221;align_center&#8221; gutter_size=&#8221;3&#8243; overlay_alpha=&#8221;50&#8243; shift_x=&#8221;0&#8243; shift_y=&#8221;0&#8243; shift_y_down=&#8221;0&#8243; z_index=&#8221;0&#8243; medium_width=&#8221;0&#8243; mobile_width=&#8221;0&#8243; css_animation=&#8221;bottom-t-top&#8221; width=&#8221;1\/1&#8243; uncode_shortcode_id=&#8221;945929&#8243;][vc_empty_space empty_h=&#8221;3&#8243;][vc_custom_heading text_color=&#8221;color-210407&#8243; heading_semantic=&#8221;h6&#8243; text_size=&#8221;h1&#8243; text_transform=&#8221;uppercase&#8221; css_animation=&#8221;bottom-t-top&#8221; animation_speed=&#8221;1000&#8243; uncode_shortcode_id=&#8221;232303&#8243; text_color_type=&#8221;uncode-palette&#8221;]Historia szko\u0142y[\/vc_custom_heading][vc_empty_space empty_h=&#8221;3&#8243;][\/vc_column_inner][\/vc_row_inner][uncode_slider][vc_row_inner row_inner_height_percent=&#8221;0&#8243; back_color=&#8221;color-xsdn&#8221; overlay_alpha=&#8221;50&#8243; gutter_size=&#8221;3&#8243; shift_y=&#8221;0&#8243; z_index=&#8221;0&#8243; uncode_shortcode_id=&#8221;645700&#8243; back_color_type=&#8221;uncode-palette&#8221;][vc_column_inner width=&#8221;1\/1&#8243;][vc_column_text uncode_shortcode_id=&#8221;905281&#8243;]Pocz\u0105tek edukacji dzieci w Suderwie przypada na rok 1911. Doje\u017cd\u017caj\u0105ca z Wilna nauczycielka Jadwiga \u015awientecka w\u0142a\u015bnie wtedy zacz\u0119\u0142a uczy\u0107 dzieci podstaw etyki i arytmetyki. Nie maj\u0105c sta\u0142ego miejsca zamieszkania, mieszka\u0142a u swoich uczni\u00f3w. Po kilku latach rodzina \u0141ukoszewicz\u00f3w z Widawciskiej wsi odda\u0142a cz\u0119\u015b\u0107 swego domu na za\u0142o\u017cenie szko\u0142y.<br \/>\nW latach 30-ych szko\u0142a zosta\u0142a przeniesiona do Suderwy, gdzie przez\u00a0 wiele lat nauczycielem by\u0142 J. Klemaszewski, a nast\u0119pnie W. Lebiedzi\u0144ska.<\/p>\n<p>[\/vc_column_text][\/vc_column_inner][\/vc_row_inner][vc_row_inner][vc_column_inner width=&#8221;1\/1&#8243;][vc_column_text uncode_shortcode_id=&#8221;203186&#8243;]Rok 1947 jest dat\u0105 za\u0142o\u017cenia siedmioletniej szko\u0142y w budynku plebanii. Dyrektorem owej szko\u0142y zosta\u0142 Wiktor Matonis. Od 1957 roku szko\u0142a rozlokowa\u0142a si\u0119 w dworku matki Mariana Zdziechowskiego filozofa, profesora i rektora Uniwersytetu Stefana Batorego w Wilnie. Tu mie\u015bci si\u0119 do dzi\u015b. Od 1957 do 1975 roku dyrektorem by\u0142 W\u0142adymir Mielnikow. Od 1975 do 1986 roku\u00a0pe\u0142ni\u0142a\u00a0obowi\u0105zki dyrektora szko\u0142y\u00a0Maria Witruk. Od 1987 do 1998 roku dyrektorem szko\u0142y by\u0142 aktywny, niestrudzony mi\u0142o\u015bnik kultury i historii polskiej Ludwik M\u0142y\u0144ski.[\/vc_column_text][\/vc_column_inner][\/vc_row_inner][vc_row_inner][vc_column_inner width=&#8221;1\/1&#8243;][vc_column_text uncode_shortcode_id=&#8221;907357&#8243;]22 lata szko\u0142\u0105 pomy\u015blnie kierowa\u0142a dyrektor Teresa M\u0142y\u0144ska. Dzi\u0119ki czynnej dzia\u0142alno\u015bci i pomys\u0142owo\u015bci pani dyrektor w latach 2002 &#8211; 2003 powsta\u0142a dobud\u00f3wka. Od stycznia 2004 roku cz\u0119\u015b\u0107 uczni\u00f3w szko\u0142y przenios\u0142a si\u0119 do nowego budynku. Tu rozlokowa\u0142y si\u0119 klasy pocz\u0105tkowe, gabinet informatyki, sala sportowa, sto\u0142\u00f3wka, sanitariaty.<br \/>\n1 wrze\u015bnia 2006 roku decyzj\u0105 Rady samorz\u0105du rejonu wile\u0144skiego plac\u00f3wka o\u015bwiatowa w Suderwi otrzyma\u0142a imi\u0119 Mariana Zdziechowskiego.<br \/>\n2010 roku Szko\u0142\u0119 Podstawow\u0105 w Rostyniamach reorganizowano jako dzia\u0142 szkoly w Suderwie.<br \/>\nOd 23 listopada 2012 roku szko\u0142a posiada sztandar, ufundowany przez Wydzia\u0142 Konsularny Ambasady Rzeczypospolitej Polskiej w Wilnie oraz rodzic\u00f3w i wykonany przez Zak\u0142ad Krawiecki p. Jana \u015awi\u0105tkowskiego we W\u0142oc\u0142awku.<\/p>\n<p>[\/vc_column_text][\/vc_column_inner][\/vc_row_inner][vc_row_inner][vc_column_inner width=&#8221;1\/1&#8243;][vc_column_text uncode_shortcode_id=&#8221;214033&#8243;]2015 r. z funduszy Stowarzyszenia &#8222;Wsp\u00f3lnota Polska&#8221; i Samorz\u0105du Rejonu Wile\u0144skiego powsta\u0142a dobud\u00f3wka, w kt\u00f3rej rozmie\u015bci\u0142y si\u0119 dwie grupy edukacji wczesnoszkolnej i jedna grupa przedszkolna. Na terytorium szko\u0142y urz\u0105dzone nowe boisko sportowe, plac zabaw dla najm\u0142odszych, trena\u017cery gimnastyczne, odnowiono fasad\u0119 szko\u0142y, altank\u0119. Ca\u0142e terytorium zosta\u0142o ogrodzone.<br \/>\nOd 2021 roku pe\u0142ni obowi\u0105zki dyrektora szko\u0142y pani Renata Starenkien\u0117.[\/vc_column_text][\/vc_column_inner][\/vc_row_inner][\/uncode_slider][\/vc_column][\/vc_row][vc_row unlock_row_content=&#8221;yes&#8221; row_height_percent=&#8221;100&#8243; override_padding=&#8221;yes&#8221; h_padding=&#8221;0&#8243; top_padding=&#8221;0&#8243; bottom_padding=&#8221;0&#8243; back_image=&#8221;681&#8243; overlay_color=&#8221;color-xsdn&#8221; overlay_alpha=&#8221;50&#8243; equal_height=&#8221;yes&#8221; gutter_size=&#8221;0&#8243; column_width_percent=&#8221;100&#8243; shift_y=&#8221;0&#8243; z_index=&#8221;0&#8243; uncode_shortcode_id=&#8221;736016&#8243; overlay_color_type=&#8221;uncode-palette&#8221;][vc_column column_width_use_pixel=&#8221;yes&#8221; position_vertical=&#8221;middle&#8221; align_horizontal=&#8221;align_center&#8221; gutter_size=&#8221;3&#8243; overlay_alpha=&#8221;50&#8243; shift_x=&#8221;0&#8243; shift_y=&#8221;0&#8243; shift_y_down=&#8221;0&#8243; z_index=&#8221;0&#8243; medium_width=&#8221;0&#8243; mobile_width=&#8221;0&#8243; width=&#8221;1\/2&#8243; mobile_height=&#8221;340&#8243; uncode_shortcode_id=&#8221;671110&#8243; column_width_pixel=&#8221;750&#8243;][vc_raw_html]JTNDaW1nJTIwY2xhc3MlM0QlMjJpbWFnZTMwMiUyMGFsaWdubm9uZSUyMiUyMHNyYyUzRCUyMmh0dHAlM0ElMkYlMkZzbXoubHQlMkZ3cC1jb250ZW50JTJGdXBsb2FkcyUyRjIwMjElMkYwOCUyRlNNWi5zdmclMjIlMjAlMkYlM0U=[\/vc_raw_html][\/vc_column][vc_column column_width_use_pixel=&#8221;yes&#8221; position_vertical=&#8221;middle&#8221; gutter_size=&#8221;3&#8243; override_padding=&#8221;yes&#8221; column_padding=&#8221;5&#8243; overlay_alpha=&#8221;50&#8243; shift_x=&#8221;0&#8243; shift_y=&#8221;0&#8243; shift_y_down=&#8221;0&#8243; z_index=&#8221;0&#8243; medium_width=&#8221;0&#8243; mobile_width=&#8221;0&#8243; css_animation=&#8221;bottom-t-top&#8221; animation_speed=&#8221;600&#8243; width=&#8221;1\/2&#8243; column_width_pixel=&#8221;750&#8243; uncode_shortcode_id=&#8221;205502&#8243;][vc_custom_heading text_color=&#8221;accent&#8221; heading_semantic=&#8221;h6&#8243; text_size=&#8221;h6&#8243; text_transform=&#8221;uppercase&#8221; css_animation=&#8221;bottom-t-top&#8221; animation_speed=&#8221;1000&#8243; uncode_shortcode_id=&#8221;123126&#8243; text_color_type=&#8221;uncode-palette&#8221;][\/vc_custom_heading][vc_custom_heading text_size=&#8221;h1&#8243; text_transform=&#8221;uppercase&#8221; css_animation=&#8221;bottom-t-top&#8221; animation_speed=&#8221;800&#8243; uncode_shortcode_id=&#8221;403160&#8243;]OTWARTA NA INNOWACJE, ZMIENIAJ\u0104CA SI\u0118. SZKO\u0141A DLA WSZYSTKICH[\/vc_custom_heading][vc_column_text text_lead=&#8221;yes&#8221; css_animation=&#8221;bottom-t-top&#8221; animation_speed=&#8221;800&#8243; uncode_shortcode_id=&#8221;301253&#8243;]Szko\u0142a Podstawowa im. Mariana Zdziechowskiego w rejonie wile\u0144skim \u2013 to nowoczesna plac\u00f3wka edukacyjna otwarta na zmiany i innowacje, zapewniaj\u0105ca odpowiednie warunki do kszta\u0142cenia w ramach program\u00f3w wychowania przedszkolnego, pocz\u0105tkowego i podstawowego. Maj\u0105ca na celu rozw\u00f3j cnotliwego obywatela, kt\u00f3ry szanuje tradycje swojego narodu i kraju, potrafi zintegrowa\u0107 si\u0119 z nowoczesnym, szybko zmieniaj\u0105cym si\u0119 \u017cyciem.[\/vc_column_text][vc_empty_space empty_h=&#8221;1&#8243;][\/vc_column][\/vc_row]<\/p>","protected":false},"excerpt":{"rendered":"<p>[vc_row unlock_row_content=&#8221;yes&#8221; row_height_percent=&#8221;100&#8243; back_color=&#8221;color-xsdn&#8221; back_image=&#8221;630&#8243; overlay_color=&#8221;color-xsdn&#8221; overlay_alpha=&#8221;50&#8243; gutter_size=&#8221;3&#8243; column_width_percent=&#8221;100&#8243; shift_y=&#8221;0&#8243; z_index=&#8221;0&#8243; row_name=&#8221;Hello&#8221; uncode_shortcode_id=&#8221;983437&#8243; back_color_type=&#8221;uncode-palette&#8221; overlay_color_type=&#8221;uncode-palette&#8221;][vc_column column_width_percent=&#8221;100&#8243; position_vertical=&#8221;bottom&#8221; gutter_size=&#8221;3&#8243; overlay_alpha=&#8221;50&#8243; shift_x=&#8221;0&#8243; [&hellip;]<\/p>\n","protected":false},"author":1,"featured_media":0,"parent":0,"menu_order":0,"comment_status":"closed","ping_status":"closed","template":"","meta":[],"_links":{"self":[{"href":"https:\/\/smz.lt\/pl\/wp-json\/wp\/v2\/pages\/243"}],"collection":[{"href":"https:\/\/smz.lt\/pl\/wp-json\/wp\/v2\/pages"}],"about":[{"href":"https:\/\/smz.lt\/pl\/wp-json\/wp\/v2\/types\/page"}],"author":[{"embeddable":true,"href":"https:\/\/smz.lt\/pl\/wp-json\/wp\/v2\/users\/1"}],"replies":[{"embeddable":true,"href":"https:\/\/smz.lt\/pl\/wp-json\/wp\/v2\/comments?post=243"}],"version-history":[{"count":185,"href":"https:\/\/smz.lt\/pl\/wp-json\/wp\/v2\/pages\/243\/revisions"}],"predecessor-version":[{"id":4671,"href":"https:\/\/smz.lt\/pl\/wp-json\/wp\/v2\/pages\/243\/revisions\/4671"}],"wp:attachment":[{"href":"https:\/\/smz.lt\/pl\/wp-json\/wp\/v2\/media?parent=243"}],"curies":[{"name":"wp","href":"https:\/\/api.w.org\/{rel}","templated":true}]}}